{"id":1407,"date":"2019-12-04T10:45:05","date_gmt":"2019-12-04T09:45:05","guid":{"rendered":"https:\/\/terre-alternative.fr\/?page_id=1407"},"modified":"2021-01-13T21:41:58","modified_gmt":"2021-01-13T20:41:58","slug":"accompagnement-et-services","status":"publish","type":"page","link":"https:\/\/terre-alternative.fr\/index.php\/accompagnement-et-services\/","title":{"rendered":"Accompagnement et services"},"content":{"rendered":"\n<p>Le d\u00e9veloppement durable, c&rsquo;est l&rsquo;\u00e9cologie, les \u00e9conomies d&rsquo;\u00e9nergie, l&rsquo;isolation &#8230; Mais pas seulement, c&rsquo;est aussi le partage et la transmission des savoirs. C&rsquo;est pourquoi, nous vous proposons de nous investir \u00e0 vos c\u00f4t\u00e9s de diff\u00e9rentes mani\u00e8res. La premi\u00e8re et la plus \u00e9vidente, est la solution classique o\u00f9 vous \u00eates le client et nous sommes les seuls r\u00e9alisateurs.<\/p>\n\n\n\n<p>La seconde solution est la plus ludique, elle consiste en un <a href=\"https:\/\/terre-alternative.fr\/index.php\/accompagnement-et-services\/chantier-participatif\/\">chantier participatif<\/a>. C&rsquo;est \u00e0 dire que nous sommes avec vous du d\u00e9but \u00e0 la fin des travaux,  afin de vous conseiller et de vous assister dans chacune des \u00e9tapes de vos travaux. Cette possibilit\u00e9 vous demande n\u00e9anmoins de la disponibilit\u00e9 et un fort int\u00e9r\u00eat pour la construction durable.<\/p>\n\n\n\n<figure class=\"wp-block-image\"><img loading=\"lazy\" decoding=\"async\" width=\"1024\" height=\"683\" src=\"https:\/\/terre-alternative.fr\/wp-content\/uploads\/2019\/12\/apprentissage-lance-1024x683.jpg\" alt=\"\" class=\"wp-image-1413\" srcset=\"https:\/\/terre-alternative.fr\/wp-content\/uploads\/2019\/12\/apprentissage-lance-1024x683.jpg 1024w, https:\/\/terre-alternative.fr\/wp-content\/uploads\/2019\/12\/apprentissage-lance-300x200.jpg 300w, https:\/\/terre-alternative.fr\/wp-content\/uploads\/2019\/12\/apprentissage-lance-768x512.jpg 768w, https:\/\/terre-alternative.fr\/wp-content\/uploads\/2019\/12\/apprentissage-lance-600x400.jpg 600w, https:\/\/terre-alternative.fr\/wp-content\/uploads\/2019\/12\/apprentissage-lance.jpg 1200w\" sizes=\"auto, (max-width: 1024px) 100vw, 1024px\" \/><\/figure>\n\n\n\n<p>La troisi\u00e8me et derni\u00e8re solution que nous vous proposons, consiste en la <a href=\"https:\/\/terre-alternative.fr\/index.php\/categorie-produit\/location-de-materiel\/\/\">location<\/a> et la livraison de mat\u00e9riels auxquelles s&rsquo;ajoutent les conseils et l\u2019investissement d&rsquo;Amaury. <\/p>\n\n\n\n<figure class=\"wp-block-image\"><img loading=\"lazy\" decoding=\"async\" width=\"1024\" height=\"683\" src=\"https:\/\/terre-alternative.fr\/wp-content\/uploads\/2019\/12\/d\u00e9mostration-presse-btc-1024x683.jpg\" alt=\"\" class=\"wp-image-1414\" srcset=\"https:\/\/terre-alternative.fr\/wp-content\/uploads\/2019\/12\/d\u00e9mostration-presse-btc-1024x683.jpg 1024w, https:\/\/terre-alternative.fr\/wp-content\/uploads\/2019\/12\/d\u00e9mostration-presse-btc-300x200.jpg 300w, https:\/\/terre-alternative.fr\/wp-content\/uploads\/2019\/12\/d\u00e9mostration-presse-btc-768x512.jpg 768w, https:\/\/terre-alternative.fr\/wp-content\/uploads\/2019\/12\/d\u00e9mostration-presse-btc-600x400.jpg 600w, https:\/\/terre-alternative.fr\/wp-content\/uploads\/2019\/12\/d\u00e9mostration-presse-btc.jpg 1200w\" sizes=\"auto, (max-width: 1024px) 100vw, 1024px\" \/><\/figure>\n\n\n\n<p>Ces trois diff\u00e9rentes possibilit\u00e9s vous permettent de vous investir selon vos disponibilit\u00e9s, vos envies ou encore votre budget.  <\/p>\n\n\n\n<p>Pour nous contacter, <a href=\"https:\/\/terre-alternative.fr\/index.php\/contact\/\">cliquez ici<\/a>.<\/p>\n","protected":false},"excerpt":{"rendered":"<p>Le d\u00e9veloppement durable, c&rsquo;est l&rsquo;\u00e9cologie, les \u00e9conomies d&rsquo;\u00e9nergie, l&rsquo;isolation &#8230; Mais pas seulement, c&rsquo;est aussi le partage et la transmission des savoirs. C&rsquo;est pourquoi, nous vous proposons de nous investir \u00e0 vos c\u00f4t\u00e9s de diff\u00e9rentes mani\u00e8res. La premi\u00e8re et la plus \u00e9vidente, est la solution classique o\u00f9 vous \u00eates le client et nous sommes les [&hellip;]<\/p>\n","protected":false},"author":1,"featured_media":1412,"parent":0,"menu_order":3,"comment_status":"closed","ping_status":"closed","template":"","meta":{"footnotes":""},"class_list":["post-1407","page","type-page","status-publish","has-post-thumbnail","hentry"],"yoast_head":"<!-- This site is optimized with the Yoast SEO plugin v24.6 - https:\/\/yoast.com\/wordpress\/plugins\/seo\/ -->\n<title>Accompagnement et services - terre-alternative.fr<\/title>\n<meta name=\"description\" content=\"Afin que vos travaux vous correspondent, nous vous proposons 3 solutions : le chantier classique, le chantier participatif ou la location de mat\u00e9riel\" \/>\n<meta name=\"robots\" content=\"index, follow, max-snippet:-1, max-image-preview:large, max-video-preview:-1\" \/>\n<link rel=\"canonical\" href=\"https:\/\/terre-alternative.fr\/index.php\/accompagnement-et-services\/\" \/>\n<meta property=\"og:locale\" content=\"fr_FR\" \/>\n<meta property=\"og:type\" content=\"article\" \/>\n<meta property=\"og:title\" content=\"Accompagnement et services - terre-alternative.fr\" \/>\n<meta property=\"og:description\" content=\"Afin que vos travaux vous correspondent, nous vous proposons 3 solutions : le chantier classique, le chantier participatif ou la location de mat\u00e9riel\" \/>\n<meta property=\"og:url\" content=\"https:\/\/terre-alternative.fr\/index.php\/accompagnement-et-services\/\" \/>\n<meta property=\"og:site_name\" content=\"terre-alternative.fr\" \/>\n<meta property=\"article:publisher\" content=\"https:\/\/www.facebook.com\/Terre-alternative-sarl-910821875760088\/notifications\/\" \/>\n<meta property=\"article:modified_time\" content=\"2021-01-13T20:41:58+00:00\" \/>\n<meta property=\"og:image\" content=\"https:\/\/terre-alternative.fr\/wp-content\/uploads\/2019\/12\/r\u00e9union.jpg\" \/>\n\t<meta property=\"og:image:width\" content=\"1000\" \/>\n\t<meta property=\"og:image:height\" content=\"667\" \/>\n\t<meta property=\"og:image:type\" content=\"image\/jpeg\" \/>\n<meta name=\"twitter:card\" content=\"summary_large_image\" \/>\n<meta name=\"twitter:site\" content=\"@terrealternati1\" \/>\n<meta name=\"twitter:label1\" content=\"Dur\u00e9e de lecture estim\u00e9e\" \/>\n\t<meta name=\"twitter:data1\" content=\"1 minute\" \/>\n<script type=\"application\/ld+json\" class=\"yoast-schema-graph\">{\"@context\":\"https:\/\/schema.org\",\"@graph\":[{\"@type\":\"WebPage\",\"@id\":\"https:\/\/terre-alternative.fr\/index.php\/accompagnement-et-services\/\",\"url\":\"https:\/\/terre-alternative.fr\/index.php\/accompagnement-et-services\/\",\"name\":\"Accompagnement et services - terre-alternative.fr\",\"isPartOf\":{\"@id\":\"https:\/\/terre-alternative.fr\/#website\"},\"primaryImageOfPage\":{\"@id\":\"https:\/\/terre-alternative.fr\/index.php\/accompagnement-et-services\/#primaryimage\"},\"image\":{\"@id\":\"https:\/\/terre-alternative.fr\/index.php\/accompagnement-et-services\/#primaryimage\"},\"thumbnailUrl\":\"https:\/\/terre-alternative.fr\/wp-content\/uploads\/2019\/12\/r\u00e9union.jpg\",\"datePublished\":\"2019-12-04T09:45:05+00:00\",\"dateModified\":\"2021-01-13T20:41:58+00:00\",\"description\":\"Afin que vos travaux vous correspondent, nous vous proposons 3 solutions : le chantier classique, le chantier participatif ou la location de mat\u00e9riel\",\"breadcrumb\":{\"@id\":\"https:\/\/terre-alternative.fr\/index.php\/accompagnement-et-services\/#breadcrumb\"},\"inLanguage\":\"fr-FR\",\"potentialAction\":[{\"@type\":\"ReadAction\",\"target\":[\"https:\/\/terre-alternative.fr\/index.php\/accompagnement-et-services\/\"]}]},{\"@type\":\"ImageObject\",\"inLanguage\":\"fr-FR\",\"@id\":\"https:\/\/terre-alternative.fr\/index.php\/accompagnement-et-services\/#primaryimage\",\"url\":\"https:\/\/terre-alternative.fr\/wp-content\/uploads\/2019\/12\/r\u00e9union.jpg\",\"contentUrl\":\"https:\/\/terre-alternative.fr\/wp-content\/uploads\/2019\/12\/r\u00e9union.jpg\",\"width\":1000,\"height\":667},{\"@type\":\"BreadcrumbList\",\"@id\":\"https:\/\/terre-alternative.fr\/index.php\/accompagnement-et-services\/#breadcrumb\",\"itemListElement\":[{\"@type\":\"ListItem\",\"position\":1,\"name\":\"Accueil\",\"item\":\"https:\/\/terre-alternative.fr\/\"},{\"@type\":\"ListItem\",\"position\":2,\"name\":\"Accompagnement et services\"}]},{\"@type\":\"WebSite\",\"@id\":\"https:\/\/terre-alternative.fr\/#website\",\"url\":\"https:\/\/terre-alternative.fr\/\",\"name\":\"terre-alternative.fr\",\"description\":\"Des habitats sains et naturels\",\"publisher\":{\"@id\":\"https:\/\/terre-alternative.fr\/#organization\"},\"potentialAction\":[{\"@type\":\"SearchAction\",\"target\":{\"@type\":\"EntryPoint\",\"urlTemplate\":\"https:\/\/terre-alternative.fr\/?s={search_term_string}\"},\"query-input\":{\"@type\":\"PropertyValueSpecification\",\"valueRequired\":true,\"valueName\":\"search_term_string\"}}],\"inLanguage\":\"fr-FR\"},{\"@type\":\"Organization\",\"@id\":\"https:\/\/terre-alternative.fr\/#organization\",\"name\":\"terre alternative sarl\",\"url\":\"https:\/\/terre-alternative.fr\/\",\"logo\":{\"@type\":\"ImageObject\",\"inLanguage\":\"fr-FR\",\"@id\":\"https:\/\/terre-alternative.fr\/#\/schema\/logo\/image\/\",\"url\":\"https:\/\/terre-alternative.fr\/wp-content\/uploads\/2017\/05\/LOGO-Terre-Alternative.png\",\"contentUrl\":\"https:\/\/terre-alternative.fr\/wp-content\/uploads\/2017\/05\/LOGO-Terre-Alternative.png\",\"width\":2475,\"height\":1120,\"caption\":\"terre alternative sarl\"},\"image\":{\"@id\":\"https:\/\/terre-alternative.fr\/#\/schema\/logo\/image\/\"},\"sameAs\":[\"https:\/\/www.facebook.com\/Terre-alternative-sarl-910821875760088\/notifications\/\",\"https:\/\/x.com\/terrealternati1\",\"https:\/\/www.pinterest.fr\/terrealternativesarl\/\",\"https:\/\/www.youtube.com\/channel\/UC1_xNjvD0yMEW1t_VZ8aAEw\"]}]}<\/script>\n<!-- \/ Yoast SEO plugin. -->","yoast_head_json":{"title":"Accompagnement et services - terre-alternative.fr","description":"Afin que vos travaux vous correspondent, nous vous proposons 3 solutions : le chantier classique, le chantier participatif ou la location de mat\u00e9riel","robots":{"index":"index","follow":"follow","max-snippet":"max-snippet:-1","max-image-preview":"max-image-preview:large","max-video-preview":"max-video-preview:-1"},"canonical":"https:\/\/terre-alternative.fr\/index.php\/accompagnement-et-services\/","og_locale":"fr_FR","og_type":"article","og_title":"Accompagnement et services - terre-alternative.fr","og_description":"Afin que vos travaux vous correspondent, nous vous proposons 3 solutions : le chantier classique, le chantier participatif ou la location de mat\u00e9riel","og_url":"https:\/\/terre-alternative.fr\/index.php\/accompagnement-et-services\/","og_site_name":"terre-alternative.fr","article_publisher":"https:\/\/www.facebook.com\/Terre-alternative-sarl-910821875760088\/notifications\/","article_modified_time":"2021-01-13T20:41:58+00:00","og_image":[{"width":1000,"height":667,"url":"https:\/\/terre-alternative.fr\/wp-content\/uploads\/2019\/12\/r\u00e9union.jpg","type":"image\/jpeg"}],"twitter_card":"summary_large_image","twitter_site":"@terrealternati1","twitter_misc":{"Dur\u00e9e de lecture estim\u00e9e":"1 minute"},"schema":{"@context":"https:\/\/schema.org","@graph":[{"@type":"WebPage","@id":"https:\/\/terre-alternative.fr\/index.php\/accompagnement-et-services\/","url":"https:\/\/terre-alternative.fr\/index.php\/accompagnement-et-services\/","name":"Accompagnement et services - terre-alternative.fr","isPartOf":{"@id":"https:\/\/terre-alternative.fr\/#website"},"primaryImageOfPage":{"@id":"https:\/\/terre-alternative.fr\/index.php\/accompagnement-et-services\/#primaryimage"},"image":{"@id":"https:\/\/terre-alternative.fr\/index.php\/accompagnement-et-services\/#primaryimage"},"thumbnailUrl":"https:\/\/terre-alternative.fr\/wp-content\/uploads\/2019\/12\/r\u00e9union.jpg","datePublished":"2019-12-04T09:45:05+00:00","dateModified":"2021-01-13T20:41:58+00:00","description":"Afin que vos travaux vous correspondent, nous vous proposons 3 solutions : le chantier classique, le chantier participatif ou la location de mat\u00e9riel","breadcrumb":{"@id":"https:\/\/terre-alternative.fr\/index.php\/accompagnement-et-services\/#breadcrumb"},"inLanguage":"fr-FR","potentialAction":[{"@type":"ReadAction","target":["https:\/\/terre-alternative.fr\/index.php\/accompagnement-et-services\/"]}]},{"@type":"ImageObject","inLanguage":"fr-FR","@id":"https:\/\/terre-alternative.fr\/index.php\/accompagnement-et-services\/#primaryimage","url":"https:\/\/terre-alternative.fr\/wp-content\/uploads\/2019\/12\/r\u00e9union.jpg","contentUrl":"https:\/\/terre-alternative.fr\/wp-content\/uploads\/2019\/12\/r\u00e9union.jpg","width":1000,"height":667},{"@type":"BreadcrumbList","@id":"https:\/\/terre-alternative.fr\/index.php\/accompagnement-et-services\/#breadcrumb","itemListElement":[{"@type":"ListItem","position":1,"name":"Accueil","item":"https:\/\/terre-alternative.fr\/"},{"@type":"ListItem","position":2,"name":"Accompagnement et services"}]},{"@type":"WebSite","@id":"https:\/\/terre-alternative.fr\/#website","url":"https:\/\/terre-alternative.fr\/","name":"terre-alternative.fr","description":"Des habitats sains et naturels","publisher":{"@id":"https:\/\/terre-alternative.fr\/#organization"},"potentialAction":[{"@type":"SearchAction","target":{"@type":"EntryPoint","urlTemplate":"https:\/\/terre-alternative.fr\/?s={search_term_string}"},"query-input":{"@type":"PropertyValueSpecification","valueRequired":true,"valueName":"search_term_string"}}],"inLanguage":"fr-FR"},{"@type":"Organization","@id":"https:\/\/terre-alternative.fr\/#organization","name":"terre alternative sarl","url":"https:\/\/terre-alternative.fr\/","logo":{"@type":"ImageObject","inLanguage":"fr-FR","@id":"https:\/\/terre-alternative.fr\/#\/schema\/logo\/image\/","url":"https:\/\/terre-alternative.fr\/wp-content\/uploads\/2017\/05\/LOGO-Terre-Alternative.png","contentUrl":"https:\/\/terre-alternative.fr\/wp-content\/uploads\/2017\/05\/LOGO-Terre-Alternative.png","width":2475,"height":1120,"caption":"terre alternative sarl"},"image":{"@id":"https:\/\/terre-alternative.fr\/#\/schema\/logo\/image\/"},"sameAs":["https:\/\/www.facebook.com\/Terre-alternative-sarl-910821875760088\/notifications\/","https:\/\/x.com\/terrealternati1","https:\/\/www.pinterest.fr\/terrealternativesarl\/","https:\/\/www.youtube.com\/channel\/UC1_xNjvD0yMEW1t_VZ8aAEw"]}]}},"jetpack_sharing_enabled":true,"_links":{"self":[{"href":"https:\/\/terre-alternative.fr\/index.php\/wp-json\/wp\/v2\/pages\/1407","targetHints":{"allow":["GET"]}}],"collection":[{"href":"https:\/\/terre-alternative.fr\/index.php\/wp-json\/wp\/v2\/pages"}],"about":[{"href":"https:\/\/terre-alternative.fr\/index.php\/wp-json\/wp\/v2\/types\/page"}],"author":[{"embeddable":true,"href":"https:\/\/terre-alternative.fr\/index.php\/wp-json\/wp\/v2\/users\/1"}],"replies":[{"embeddable":true,"href":"https:\/\/terre-alternative.fr\/index.php\/wp-json\/wp\/v2\/comments?post=1407"}],"version-history":[{"count":16,"href":"https:\/\/terre-alternative.fr\/index.php\/wp-json\/wp\/v2\/pages\/1407\/revisions"}],"predecessor-version":[{"id":1853,"href":"https:\/\/terre-alternative.fr\/index.php\/wp-json\/wp\/v2\/pages\/1407\/revisions\/1853"}],"wp:featuredmedia":[{"embeddable":true,"href":"https:\/\/terre-alternative.fr\/index.php\/wp-json\/wp\/v2\/media\/1412"}],"wp:attachment":[{"href":"https:\/\/terre-alternative.fr\/index.php\/wp-json\/wp\/v2\/media?parent=1407"}],"curies":[{"name":"wp","href":"https:\/\/api.w.org\/{rel}","templated":true}]}}