{"id":49,"date":"2017-05-28T23:23:38","date_gmt":"2017-05-28T21:23:38","guid":{"rendered":"http:\/\/terre-alternative.fr\/?page_id=49"},"modified":"2019-04-08T11:58:12","modified_gmt":"2019-04-08T09:58:12","slug":"chantiers","status":"publish","type":"page","link":"https:\/\/terre-alternative.fr\/index.php\/contact\/chantiers\/","title":{"rendered":"Notre zone d&rsquo;intervention"},"content":{"rendered":"<p>[vc_row][vc_column][vc_column_text]Entreprise certifi\u00e9e <a href=\"http:\/\/www.eco-artisan.net\/rge-reconnu-garant-environnement-explications\">RGE,<\/a> <strong>terre alternative<\/strong> intervient sur de nombreux type de chantiers en centre Bretagne. L&rsquo;essentielle de notre activit\u00e9 se concentre sur les travaux de r\u00e9novation et de r\u00e9habilitation des maisons en pierre. Cependant, terre alternative intervient aussi sur des constructions neuves, telles que les maisons en paille. Dans tous les cas nous apportons notre comp\u00e9tence et notre savoir faire pour que votre projet soit aussi \u00e9cologique que \u00e9conomique.<\/p>\n<p>Notre \u00e9quipe est capable de g\u00e9rer la plupart des \u00e9tapes d&rsquo;un chantier de r\u00e9novation, de r\u00e9habilitation ou de construction neuve. Bien s\u00fbr, nous ne pouvons pas nous occuper de tout et c&rsquo;est avec plaisir que nous travaillons de concert avec nos coll\u00e8gues artisans (\u00e9lectriciens, plombiers ou encore couvreurs, par exemple), pour offrir un r\u00e9sultat optimal \u00e0 nos clients.<\/p>\n<p>Ci-dessous vous pourrez voir une carte de l&#8217;emplacement de nos chantiers pass\u00e9, cela vous donnera une id\u00e9e de notre rayon d&rsquo;action.. En cas d&rsquo;interrogations, n&rsquo;h\u00e9sitez pas \u00e0 utiliser notre <a href=\"http:\/\/terraterre.net\/contacts\">page de contact<\/a> pour nous solliciter.[\/vc_column_text][vc_raw_html]JTNDaWZyYW1lJTIwc3JjJTNEJTIyaHR0cHMlM0ElMkYlMkZ3d3cuZ29vZ2xlLmNvbSUyRm1hcHMlMkZkJTJGdSUyRjAlMkZlbWJlZCUzRm1pZCUzRDFvaVFld0JwbVFkdzgyR1FnZEZ4QTI5OTlSengxUXhVMiUyMiUyMHdpZHRoJTNEJTIyNjQwJTIyJTIwaGVpZ2h0JTNEJTIyNDgwJTIyJTNFJTNDJTJGaWZyYW1lJTNF[\/vc_raw_html][\/vc_column][\/vc_row][vc_row][vc_column][\/vc_column][\/vc_row]<\/p>\n","protected":false},"excerpt":{"rendered":"<p>[vc_row][vc_column][vc_column_text]Entreprise certifi\u00e9e RGE, terre alternative intervient sur de nombreux type de chantiers en centre Bretagne. L&rsquo;essentielle de notre activit\u00e9 se concentre sur les travaux de r\u00e9novation et de r\u00e9habilitation des maisons en pierre. Cependant, terre alternative intervient aussi sur des constructions neuves, telles que les maisons en paille. Dans tous les cas nous apportons notre [&hellip;]<\/p>\n","protected":false},"author":1,"featured_media":181,"parent":28,"menu_order":2,"comment_status":"closed","ping_status":"closed","template":"","meta":{"footnotes":""},"class_list":["post-49","page","type-page","status-publish","has-post-thumbnail","hentry"],"yoast_head":"<!-- This site is optimized with the Yoast SEO plugin v24.6 - https:\/\/yoast.com\/wordpress\/plugins\/seo\/ -->\n<title>Notre zone d&#039;intervention - terre-alternative.fr<\/title>\n<meta name=\"robots\" content=\"index, follow, max-snippet:-1, max-image-preview:large, max-video-preview:-1\" \/>\n<link rel=\"canonical\" href=\"https:\/\/terre-alternative.fr\/index.php\/contact\/chantiers\/\" \/>\n<meta property=\"og:locale\" content=\"fr_FR\" \/>\n<meta property=\"og:type\" content=\"article\" \/>\n<meta property=\"og:title\" content=\"Notre zone d&#039;intervention - terre-alternative.fr\" \/>\n<meta property=\"og:description\" content=\"[vc_row][vc_column][vc_column_text]Entreprise certifi\u00e9e RGE, terre alternative intervient sur de nombreux type de chantiers en centre Bretagne. L&rsquo;essentielle de notre activit\u00e9 se concentre sur les travaux de r\u00e9novation et de r\u00e9habilitation des maisons en pierre. Cependant, terre alternative intervient aussi sur des constructions neuves, telles que les maisons en paille. Dans tous les cas nous apportons notre [&hellip;]\" \/>\n<meta property=\"og:url\" content=\"https:\/\/terre-alternative.fr\/index.php\/contact\/chantiers\/\" \/>\n<meta property=\"og:site_name\" content=\"terre-alternative.fr\" \/>\n<meta property=\"article:publisher\" content=\"https:\/\/www.facebook.com\/Terre-alternative-sarl-910821875760088\/notifications\/\" \/>\n<meta property=\"article:modified_time\" content=\"2019-04-08T09:58:12+00:00\" \/>\n<meta property=\"og:image\" content=\"https:\/\/terre-alternative.fr\/wp-content\/uploads\/2017\/09\/cr-ouverture-mur-1.jpg\" \/>\n\t<meta property=\"og:image:width\" content=\"3872\" \/>\n\t<meta property=\"og:image:height\" content=\"2592\" \/>\n\t<meta property=\"og:image:type\" content=\"image\/jpeg\" \/>\n<meta name=\"twitter:card\" content=\"summary_large_image\" \/>\n<meta name=\"twitter:site\" content=\"@terrealternati1\" \/>\n<meta name=\"twitter:label1\" content=\"Dur\u00e9e de lecture estim\u00e9e\" \/>\n\t<meta name=\"twitter:data1\" content=\"1 minute\" \/>\n<script type=\"application\/ld+json\" class=\"yoast-schema-graph\">{\"@context\":\"https:\/\/schema.org\",\"@graph\":[{\"@type\":\"WebPage\",\"@id\":\"https:\/\/terre-alternative.fr\/index.php\/contact\/chantiers\/\",\"url\":\"https:\/\/terre-alternative.fr\/index.php\/contact\/chantiers\/\",\"name\":\"Notre zone d'intervention - terre-alternative.fr\",\"isPartOf\":{\"@id\":\"https:\/\/terre-alternative.fr\/#website\"},\"primaryImageOfPage\":{\"@id\":\"https:\/\/terre-alternative.fr\/index.php\/contact\/chantiers\/#primaryimage\"},\"image\":{\"@id\":\"https:\/\/terre-alternative.fr\/index.php\/contact\/chantiers\/#primaryimage\"},\"thumbnailUrl\":\"https:\/\/terre-alternative.fr\/wp-content\/uploads\/2017\/09\/cr-ouverture-mur-1.jpg\",\"datePublished\":\"2017-05-28T21:23:38+00:00\",\"dateModified\":\"2019-04-08T09:58:12+00:00\",\"breadcrumb\":{\"@id\":\"https:\/\/terre-alternative.fr\/index.php\/contact\/chantiers\/#breadcrumb\"},\"inLanguage\":\"fr-FR\",\"potentialAction\":[{\"@type\":\"ReadAction\",\"target\":[\"https:\/\/terre-alternative.fr\/index.php\/contact\/chantiers\/\"]}]},{\"@type\":\"ImageObject\",\"inLanguage\":\"fr-FR\",\"@id\":\"https:\/\/terre-alternative.fr\/index.php\/contact\/chantiers\/#primaryimage\",\"url\":\"https:\/\/terre-alternative.fr\/wp-content\/uploads\/2017\/09\/cr-ouverture-mur-1.jpg\",\"contentUrl\":\"https:\/\/terre-alternative.fr\/wp-content\/uploads\/2017\/09\/cr-ouverture-mur-1.jpg\",\"width\":3872,\"height\":2592,\"caption\":\"R\u00e9novation et percement de murs, pose de menuiseries et r\u00e9alisation de fausses pierres.\"},{\"@type\":\"BreadcrumbList\",\"@id\":\"https:\/\/terre-alternative.fr\/index.php\/contact\/chantiers\/#breadcrumb\",\"itemListElement\":[{\"@type\":\"ListItem\",\"position\":1,\"name\":\"Accueil\",\"item\":\"https:\/\/terre-alternative.fr\/\"},{\"@type\":\"ListItem\",\"position\":2,\"name\":\"Contact\",\"item\":\"https:\/\/terre-alternative.fr\/index.php\/contact\/\"},{\"@type\":\"ListItem\",\"position\":3,\"name\":\"Notre zone d&rsquo;intervention\"}]},{\"@type\":\"WebSite\",\"@id\":\"https:\/\/terre-alternative.fr\/#website\",\"url\":\"https:\/\/terre-alternative.fr\/\",\"name\":\"terre-alternative.fr\",\"description\":\"Des habitats sains et naturels\",\"publisher\":{\"@id\":\"https:\/\/terre-alternative.fr\/#organization\"},\"potentialAction\":[{\"@type\":\"SearchAction\",\"target\":{\"@type\":\"EntryPoint\",\"urlTemplate\":\"https:\/\/terre-alternative.fr\/?s={search_term_string}\"},\"query-input\":{\"@type\":\"PropertyValueSpecification\",\"valueRequired\":true,\"valueName\":\"search_term_string\"}}],\"inLanguage\":\"fr-FR\"},{\"@type\":\"Organization\",\"@id\":\"https:\/\/terre-alternative.fr\/#organization\",\"name\":\"terre alternative sarl\",\"url\":\"https:\/\/terre-alternative.fr\/\",\"logo\":{\"@type\":\"ImageObject\",\"inLanguage\":\"fr-FR\",\"@id\":\"https:\/\/terre-alternative.fr\/#\/schema\/logo\/image\/\",\"url\":\"https:\/\/terre-alternative.fr\/wp-content\/uploads\/2017\/05\/LOGO-Terre-Alternative.png\",\"contentUrl\":\"https:\/\/terre-alternative.fr\/wp-content\/uploads\/2017\/05\/LOGO-Terre-Alternative.png\",\"width\":2475,\"height\":1120,\"caption\":\"terre alternative sarl\"},\"image\":{\"@id\":\"https:\/\/terre-alternative.fr\/#\/schema\/logo\/image\/\"},\"sameAs\":[\"https:\/\/www.facebook.com\/Terre-alternative-sarl-910821875760088\/notifications\/\",\"https:\/\/x.com\/terrealternati1\",\"https:\/\/www.pinterest.fr\/terrealternativesarl\/\",\"https:\/\/www.youtube.com\/channel\/UC1_xNjvD0yMEW1t_VZ8aAEw\"]}]}<\/script>\n<!-- \/ Yoast SEO plugin. -->","yoast_head_json":{"title":"Notre zone d'intervention - terre-alternative.fr","robots":{"index":"index","follow":"follow","max-snippet":"max-snippet:-1","max-image-preview":"max-image-preview:large","max-video-preview":"max-video-preview:-1"},"canonical":"https:\/\/terre-alternative.fr\/index.php\/contact\/chantiers\/","og_locale":"fr_FR","og_type":"article","og_title":"Notre zone d'intervention - terre-alternative.fr","og_description":"[vc_row][vc_column][vc_column_text]Entreprise certifi\u00e9e RGE, terre alternative intervient sur de nombreux type de chantiers en centre Bretagne. L&rsquo;essentielle de notre activit\u00e9 se concentre sur les travaux de r\u00e9novation et de r\u00e9habilitation des maisons en pierre. Cependant, terre alternative intervient aussi sur des constructions neuves, telles que les maisons en paille. Dans tous les cas nous apportons notre [&hellip;]","og_url":"https:\/\/terre-alternative.fr\/index.php\/contact\/chantiers\/","og_site_name":"terre-alternative.fr","article_publisher":"https:\/\/www.facebook.com\/Terre-alternative-sarl-910821875760088\/notifications\/","article_modified_time":"2019-04-08T09:58:12+00:00","og_image":[{"width":3872,"height":2592,"url":"https:\/\/terre-alternative.fr\/wp-content\/uploads\/2017\/09\/cr-ouverture-mur-1.jpg","type":"image\/jpeg"}],"twitter_card":"summary_large_image","twitter_site":"@terrealternati1","twitter_misc":{"Dur\u00e9e de lecture estim\u00e9e":"1 minute"},"schema":{"@context":"https:\/\/schema.org","@graph":[{"@type":"WebPage","@id":"https:\/\/terre-alternative.fr\/index.php\/contact\/chantiers\/","url":"https:\/\/terre-alternative.fr\/index.php\/contact\/chantiers\/","name":"Notre zone d'intervention - terre-alternative.fr","isPartOf":{"@id":"https:\/\/terre-alternative.fr\/#website"},"primaryImageOfPage":{"@id":"https:\/\/terre-alternative.fr\/index.php\/contact\/chantiers\/#primaryimage"},"image":{"@id":"https:\/\/terre-alternative.fr\/index.php\/contact\/chantiers\/#primaryimage"},"thumbnailUrl":"https:\/\/terre-alternative.fr\/wp-content\/uploads\/2017\/09\/cr-ouverture-mur-1.jpg","datePublished":"2017-05-28T21:23:38+00:00","dateModified":"2019-04-08T09:58:12+00:00","breadcrumb":{"@id":"https:\/\/terre-alternative.fr\/index.php\/contact\/chantiers\/#breadcrumb"},"inLanguage":"fr-FR","potentialAction":[{"@type":"ReadAction","target":["https:\/\/terre-alternative.fr\/index.php\/contact\/chantiers\/"]}]},{"@type":"ImageObject","inLanguage":"fr-FR","@id":"https:\/\/terre-alternative.fr\/index.php\/contact\/chantiers\/#primaryimage","url":"https:\/\/terre-alternative.fr\/wp-content\/uploads\/2017\/09\/cr-ouverture-mur-1.jpg","contentUrl":"https:\/\/terre-alternative.fr\/wp-content\/uploads\/2017\/09\/cr-ouverture-mur-1.jpg","width":3872,"height":2592,"caption":"R\u00e9novation et percement de murs, pose de menuiseries et r\u00e9alisation de fausses pierres."},{"@type":"BreadcrumbList","@id":"https:\/\/terre-alternative.fr\/index.php\/contact\/chantiers\/#breadcrumb","itemListElement":[{"@type":"ListItem","position":1,"name":"Accueil","item":"https:\/\/terre-alternative.fr\/"},{"@type":"ListItem","position":2,"name":"Contact","item":"https:\/\/terre-alternative.fr\/index.php\/contact\/"},{"@type":"ListItem","position":3,"name":"Notre zone d&rsquo;intervention"}]},{"@type":"WebSite","@id":"https:\/\/terre-alternative.fr\/#website","url":"https:\/\/terre-alternative.fr\/","name":"terre-alternative.fr","description":"Des habitats sains et naturels","publisher":{"@id":"https:\/\/terre-alternative.fr\/#organization"},"potentialAction":[{"@type":"SearchAction","target":{"@type":"EntryPoint","urlTemplate":"https:\/\/terre-alternative.fr\/?s={search_term_string}"},"query-input":{"@type":"PropertyValueSpecification","valueRequired":true,"valueName":"search_term_string"}}],"inLanguage":"fr-FR"},{"@type":"Organization","@id":"https:\/\/terre-alternative.fr\/#organization","name":"terre alternative sarl","url":"https:\/\/terre-alternative.fr\/","logo":{"@type":"ImageObject","inLanguage":"fr-FR","@id":"https:\/\/terre-alternative.fr\/#\/schema\/logo\/image\/","url":"https:\/\/terre-alternative.fr\/wp-content\/uploads\/2017\/05\/LOGO-Terre-Alternative.png","contentUrl":"https:\/\/terre-alternative.fr\/wp-content\/uploads\/2017\/05\/LOGO-Terre-Alternative.png","width":2475,"height":1120,"caption":"terre alternative sarl"},"image":{"@id":"https:\/\/terre-alternative.fr\/#\/schema\/logo\/image\/"},"sameAs":["https:\/\/www.facebook.com\/Terre-alternative-sarl-910821875760088\/notifications\/","https:\/\/x.com\/terrealternati1","https:\/\/www.pinterest.fr\/terrealternativesarl\/","https:\/\/www.youtube.com\/channel\/UC1_xNjvD0yMEW1t_VZ8aAEw"]}]}},"jetpack_sharing_enabled":true,"_links":{"self":[{"href":"https:\/\/terre-alternative.fr\/index.php\/wp-json\/wp\/v2\/pages\/49","targetHints":{"allow":["GET"]}}],"collection":[{"href":"https:\/\/terre-alternative.fr\/index.php\/wp-json\/wp\/v2\/pages"}],"about":[{"href":"https:\/\/terre-alternative.fr\/index.php\/wp-json\/wp\/v2\/types\/page"}],"author":[{"embeddable":true,"href":"https:\/\/terre-alternative.fr\/index.php\/wp-json\/wp\/v2\/users\/1"}],"replies":[{"embeddable":true,"href":"https:\/\/terre-alternative.fr\/index.php\/wp-json\/wp\/v2\/comments?post=49"}],"version-history":[{"count":12,"href":"https:\/\/terre-alternative.fr\/index.php\/wp-json\/wp\/v2\/pages\/49\/revisions"}],"predecessor-version":[{"id":974,"href":"https:\/\/terre-alternative.fr\/index.php\/wp-json\/wp\/v2\/pages\/49\/revisions\/974"}],"up":[{"embeddable":true,"href":"https:\/\/terre-alternative.fr\/index.php\/wp-json\/wp\/v2\/pages\/28"}],"wp:featuredmedia":[{"embeddable":true,"href":"https:\/\/terre-alternative.fr\/index.php\/wp-json\/wp\/v2\/media\/181"}],"wp:attachment":[{"href":"https:\/\/terre-alternative.fr\/index.php\/wp-json\/wp\/v2\/media?parent=49"}],"curies":[{"name":"wp","href":"https:\/\/api.w.org\/{rel}","templated":true}]}}