{"id":69,"date":"2017-08-13T19:31:46","date_gmt":"2017-08-13T17:31:46","guid":{"rendered":"http:\/\/terre-alternative.fr\/?page_id=69"},"modified":"2024-08-08T12:09:19","modified_gmt":"2024-08-08T10:09:19","slug":"qui-sommes-nous","status":"publish","type":"page","link":"https:\/\/terre-alternative.fr\/index.php\/accueil\/qui-sommes-nous\/","title":{"rendered":"Qui sommes nous\u00a0?"},"content":{"rendered":"<p>Nous sommes une entreprise d&rsquo;\u00e9co-r\u00e9novation et d&rsquo;\u00e9co-construction dont les activit\u00e9s principales sont la ma\u00e7onnerie \u00e0 l&rsquo;ancienne et la menuiserie int\u00e9rieure et ext\u00e9rieure. Nous mettons en \u0153uvre des mat\u00e9riaux utilis\u00e9s par l&rsquo;humanit\u00e9 depuis l&rsquo;aube des temps car abondant partout : la pierre, le bois et la terre.<\/p>\n<p>D&rsquo;ann\u00e9e en ann\u00e9e notre \u00e9quipe s&rsquo;\u00e9toffe petit \u00e0 petit pour couvrir l&rsquo;ensemble des m\u00e9tiers permettant la r\u00e9novation de toute l&rsquo;enveloppe d&rsquo;un b\u00e2timent.<\/p>\n<p>Notre \u00e9quipe est \u00e0 l&rsquo;heure actuelle (08\/08\/2024) compos\u00e9e de 14 individus :<\/p>\n<ul>\n<li>Louis SOLIVERES : d\u00e9veloppeur ! \ud83d\ude42<\/li>\n<li>S\u00e9bastien MAO : \u00e9co-constructeur &#8211; Thermicien<\/li>\n<li>Aliou AGREM : ma\u00e7on terre<\/li>\n<li>Davoud REZAEI : Enduiseur<\/li>\n<li>Benjamin PUEL : Ma\u00e7on pierre &#8211; Enduiseur<\/li>\n<li>Kurt ROUAULT : Ma\u00e7on pierre &#8211; Enduiseur &#8211; Charpentier<\/li>\n<li>Gu\u00e9na\u00ebl URVOY : Menuisier &#8211; Enduiseur<\/li>\n<li>Maxime RUTSCHKOVSKI : Ma\u00e7on pierre &#8211; Charpentier<\/li>\n<li>Na\u00efsha CHACHAT: d\u00e9ratiseur.euse &#8211; soutien \u00e9motionnel<\/li>\n<li>Julien JAN : Ma\u00e7on terre &#8211; Enduiseur<\/li>\n<li>Mat\u00e9o FLORES : \u00e9co-constructeur &#8211; Thermicien<\/li>\n<li>Lo\u00efc LE SCOUARNEC :\u00a0 Ma\u00e7on pierre &#8211; Tailleur de pierre &#8211; Enduiseur<\/li>\n<li>Pascale DIRAISON : Secr\u00e9taire<\/li>\n<li>Amaury BIDEL : g\u00e9rant &#8211; Thermicien &#8211; Enduiseur &#8211; Menuisier<\/li>\n<\/ul>\n<p>Nous intervenons principalement en centre Bretagne (Gourin, Carhaix, Rostrenen) et de plus en plus dans une zone un peu plus au Sud, autour du pays de Quimperl\u00e9. Nous avons, toute l&rsquo;\u00e9quipe, \u00e0 c\u0153ur de proposer \u00e0 nos clients des solutions constructives saines, \u00e9cologiques, \u00e9conomiques, pratiques et belles.<\/p>\n<p>C&rsquo;est aussi pourquoi nous faisons partie de l&rsquo;association <a href=\"http:\/\/www.asso-ecob.fr\/\">ECOB<\/a>. Celle-ci vise \u00e0 rassembler les diff\u00e9rents corps de m\u00e9tier du b\u00e2timent au sein d&rsquo;un groupe de discussion pour y simplifier le dialogue et la r\u00e9alisation de nos objectifs. \u00c0 terme, nous cherchons \u00e0 r\u00e9aliser des habitats plus sains et durables ainsi qu&rsquo;\u00e0 pr\u00e9server le savoir-faire sp\u00e9cifique breton.<\/p>\n<p><a href=\"http:\/\/terre-alternative.fr\/index.php\/contact\/\">Cliquez ici<\/a> pour nous contacter.<\/p>\n","protected":false},"excerpt":{"rendered":"<p>Nous sommes une entreprise d&rsquo;\u00e9co-r\u00e9novation et d&rsquo;\u00e9co-construction dont les activit\u00e9s principales sont la ma\u00e7onnerie \u00e0 l&rsquo;ancienne et la menuiserie int\u00e9rieure et ext\u00e9rieure. Nous mettons en \u0153uvre des mat\u00e9riaux utilis\u00e9s par l&rsquo;humanit\u00e9 depuis l&rsquo;aube des temps car abondant partout : la pierre, le bois et la terre. D&rsquo;ann\u00e9e en ann\u00e9e notre \u00e9quipe s&rsquo;\u00e9toffe petit \u00e0 petit [&hellip;]<\/p>\n","protected":false},"author":1,"featured_media":0,"parent":2,"menu_order":0,"comment_status":"closed","ping_status":"closed","template":"","meta":{"footnotes":""},"class_list":["post-69","page","type-page","status-publish","hentry"],"yoast_head":"<!-- This site is optimized with the Yoast SEO plugin v24.6 - https:\/\/yoast.com\/wordpress\/plugins\/seo\/ -->\n<title>Qui sommes nous\u00a0? - terre-alternative.fr<\/title>\n<meta name=\"description\" content=\"Nous sommes une entreprise d&#039;\u00e9co-r\u00e9novation et d&#039;\u00e9co-construction dont les activit\u00e9s principales sont la ma\u00e7onnerie \u00e0 l&#039;ancienne et la menuiserie int\u00e9rieure et ext\u00e9rieure.\" \/>\n<meta name=\"robots\" content=\"index, follow, max-snippet:-1, max-image-preview:large, max-video-preview:-1\" \/>\n<link rel=\"canonical\" href=\"https:\/\/terre-alternative.fr\/index.php\/accueil\/qui-sommes-nous\/\" \/>\n<meta property=\"og:locale\" content=\"fr_FR\" \/>\n<meta property=\"og:type\" content=\"article\" \/>\n<meta property=\"og:title\" content=\"Qui sommes nous\u00a0? - terre-alternative.fr\" \/>\n<meta property=\"og:description\" content=\"Nous sommes une entreprise d&#039;\u00e9co-r\u00e9novation et d&#039;\u00e9co-construction dont les activit\u00e9s principales sont la ma\u00e7onnerie \u00e0 l&#039;ancienne et la menuiserie int\u00e9rieure et ext\u00e9rieure.\" \/>\n<meta property=\"og:url\" content=\"https:\/\/terre-alternative.fr\/index.php\/accueil\/qui-sommes-nous\/\" \/>\n<meta property=\"og:site_name\" content=\"terre-alternative.fr\" \/>\n<meta property=\"article:publisher\" content=\"https:\/\/www.facebook.com\/Terre-alternative-sarl-910821875760088\/notifications\/\" \/>\n<meta property=\"article:modified_time\" content=\"2024-08-08T10:09:19+00:00\" \/>\n<meta name=\"twitter:card\" content=\"summary_large_image\" \/>\n<meta name=\"twitter:site\" content=\"@terrealternati1\" \/>\n<meta name=\"twitter:label1\" content=\"Dur\u00e9e de lecture estim\u00e9e\" \/>\n\t<meta name=\"twitter:data1\" content=\"2 minutes\" \/>\n<script type=\"application\/ld+json\" class=\"yoast-schema-graph\">{\"@context\":\"https:\/\/schema.org\",\"@graph\":[{\"@type\":\"WebPage\",\"@id\":\"https:\/\/terre-alternative.fr\/index.php\/accueil\/qui-sommes-nous\/\",\"url\":\"https:\/\/terre-alternative.fr\/index.php\/accueil\/qui-sommes-nous\/\",\"name\":\"Qui sommes nous\u00a0? - terre-alternative.fr\",\"isPartOf\":{\"@id\":\"https:\/\/terre-alternative.fr\/#website\"},\"datePublished\":\"2017-08-13T17:31:46+00:00\",\"dateModified\":\"2024-08-08T10:09:19+00:00\",\"description\":\"Nous sommes une entreprise d'\u00e9co-r\u00e9novation et d'\u00e9co-construction dont les activit\u00e9s principales sont la ma\u00e7onnerie \u00e0 l'ancienne et la menuiserie int\u00e9rieure et ext\u00e9rieure.\",\"breadcrumb\":{\"@id\":\"https:\/\/terre-alternative.fr\/index.php\/accueil\/qui-sommes-nous\/#breadcrumb\"},\"inLanguage\":\"fr-FR\",\"potentialAction\":[{\"@type\":\"ReadAction\",\"target\":[\"https:\/\/terre-alternative.fr\/index.php\/accueil\/qui-sommes-nous\/\"]}]},{\"@type\":\"BreadcrumbList\",\"@id\":\"https:\/\/terre-alternative.fr\/index.php\/accueil\/qui-sommes-nous\/#breadcrumb\",\"itemListElement\":[{\"@type\":\"ListItem\",\"position\":1,\"name\":\"Accueil\",\"item\":\"https:\/\/terre-alternative.fr\/\"},{\"@type\":\"ListItem\",\"position\":2,\"name\":\"Accueil\",\"item\":\"https:\/\/terre-alternative.fr\/\"},{\"@type\":\"ListItem\",\"position\":3,\"name\":\"Qui sommes nous\u00a0?\"}]},{\"@type\":\"WebSite\",\"@id\":\"https:\/\/terre-alternative.fr\/#website\",\"url\":\"https:\/\/terre-alternative.fr\/\",\"name\":\"terre-alternative.fr\",\"description\":\"Des habitats sains et naturels\",\"publisher\":{\"@id\":\"https:\/\/terre-alternative.fr\/#organization\"},\"potentialAction\":[{\"@type\":\"SearchAction\",\"target\":{\"@type\":\"EntryPoint\",\"urlTemplate\":\"https:\/\/terre-alternative.fr\/?s={search_term_string}\"},\"query-input\":{\"@type\":\"PropertyValueSpecification\",\"valueRequired\":true,\"valueName\":\"search_term_string\"}}],\"inLanguage\":\"fr-FR\"},{\"@type\":\"Organization\",\"@id\":\"https:\/\/terre-alternative.fr\/#organization\",\"name\":\"terre alternative sarl\",\"url\":\"https:\/\/terre-alternative.fr\/\",\"logo\":{\"@type\":\"ImageObject\",\"inLanguage\":\"fr-FR\",\"@id\":\"https:\/\/terre-alternative.fr\/#\/schema\/logo\/image\/\",\"url\":\"https:\/\/terre-alternative.fr\/wp-content\/uploads\/2017\/05\/LOGO-Terre-Alternative.png\",\"contentUrl\":\"https:\/\/terre-alternative.fr\/wp-content\/uploads\/2017\/05\/LOGO-Terre-Alternative.png\",\"width\":2475,\"height\":1120,\"caption\":\"terre alternative sarl\"},\"image\":{\"@id\":\"https:\/\/terre-alternative.fr\/#\/schema\/logo\/image\/\"},\"sameAs\":[\"https:\/\/www.facebook.com\/Terre-alternative-sarl-910821875760088\/notifications\/\",\"https:\/\/x.com\/terrealternati1\",\"https:\/\/www.pinterest.fr\/terrealternativesarl\/\",\"https:\/\/www.youtube.com\/channel\/UC1_xNjvD0yMEW1t_VZ8aAEw\"]}]}<\/script>\n<!-- \/ Yoast SEO plugin. -->","yoast_head_json":{"title":"Qui sommes nous\u00a0? - terre-alternative.fr","description":"Nous sommes une entreprise d'\u00e9co-r\u00e9novation et d'\u00e9co-construction dont les activit\u00e9s principales sont la ma\u00e7onnerie \u00e0 l'ancienne et la menuiserie int\u00e9rieure et ext\u00e9rieure.","robots":{"index":"index","follow":"follow","max-snippet":"max-snippet:-1","max-image-preview":"max-image-preview:large","max-video-preview":"max-video-preview:-1"},"canonical":"https:\/\/terre-alternative.fr\/index.php\/accueil\/qui-sommes-nous\/","og_locale":"fr_FR","og_type":"article","og_title":"Qui sommes nous\u00a0? - terre-alternative.fr","og_description":"Nous sommes une entreprise d'\u00e9co-r\u00e9novation et d'\u00e9co-construction dont les activit\u00e9s principales sont la ma\u00e7onnerie \u00e0 l'ancienne et la menuiserie int\u00e9rieure et ext\u00e9rieure.","og_url":"https:\/\/terre-alternative.fr\/index.php\/accueil\/qui-sommes-nous\/","og_site_name":"terre-alternative.fr","article_publisher":"https:\/\/www.facebook.com\/Terre-alternative-sarl-910821875760088\/notifications\/","article_modified_time":"2024-08-08T10:09:19+00:00","twitter_card":"summary_large_image","twitter_site":"@terrealternati1","twitter_misc":{"Dur\u00e9e de lecture estim\u00e9e":"2 minutes"},"schema":{"@context":"https:\/\/schema.org","@graph":[{"@type":"WebPage","@id":"https:\/\/terre-alternative.fr\/index.php\/accueil\/qui-sommes-nous\/","url":"https:\/\/terre-alternative.fr\/index.php\/accueil\/qui-sommes-nous\/","name":"Qui sommes nous\u00a0? - terre-alternative.fr","isPartOf":{"@id":"https:\/\/terre-alternative.fr\/#website"},"datePublished":"2017-08-13T17:31:46+00:00","dateModified":"2024-08-08T10:09:19+00:00","description":"Nous sommes une entreprise d'\u00e9co-r\u00e9novation et d'\u00e9co-construction dont les activit\u00e9s principales sont la ma\u00e7onnerie \u00e0 l'ancienne et la menuiserie int\u00e9rieure et ext\u00e9rieure.","breadcrumb":{"@id":"https:\/\/terre-alternative.fr\/index.php\/accueil\/qui-sommes-nous\/#breadcrumb"},"inLanguage":"fr-FR","potentialAction":[{"@type":"ReadAction","target":["https:\/\/terre-alternative.fr\/index.php\/accueil\/qui-sommes-nous\/"]}]},{"@type":"BreadcrumbList","@id":"https:\/\/terre-alternative.fr\/index.php\/accueil\/qui-sommes-nous\/#breadcrumb","itemListElement":[{"@type":"ListItem","position":1,"name":"Accueil","item":"https:\/\/terre-alternative.fr\/"},{"@type":"ListItem","position":2,"name":"Accueil","item":"https:\/\/terre-alternative.fr\/"},{"@type":"ListItem","position":3,"name":"Qui sommes nous\u00a0?"}]},{"@type":"WebSite","@id":"https:\/\/terre-alternative.fr\/#website","url":"https:\/\/terre-alternative.fr\/","name":"terre-alternative.fr","description":"Des habitats sains et naturels","publisher":{"@id":"https:\/\/terre-alternative.fr\/#organization"},"potentialAction":[{"@type":"SearchAction","target":{"@type":"EntryPoint","urlTemplate":"https:\/\/terre-alternative.fr\/?s={search_term_string}"},"query-input":{"@type":"PropertyValueSpecification","valueRequired":true,"valueName":"search_term_string"}}],"inLanguage":"fr-FR"},{"@type":"Organization","@id":"https:\/\/terre-alternative.fr\/#organization","name":"terre alternative sarl","url":"https:\/\/terre-alternative.fr\/","logo":{"@type":"ImageObject","inLanguage":"fr-FR","@id":"https:\/\/terre-alternative.fr\/#\/schema\/logo\/image\/","url":"https:\/\/terre-alternative.fr\/wp-content\/uploads\/2017\/05\/LOGO-Terre-Alternative.png","contentUrl":"https:\/\/terre-alternative.fr\/wp-content\/uploads\/2017\/05\/LOGO-Terre-Alternative.png","width":2475,"height":1120,"caption":"terre alternative sarl"},"image":{"@id":"https:\/\/terre-alternative.fr\/#\/schema\/logo\/image\/"},"sameAs":["https:\/\/www.facebook.com\/Terre-alternative-sarl-910821875760088\/notifications\/","https:\/\/x.com\/terrealternati1","https:\/\/www.pinterest.fr\/terrealternativesarl\/","https:\/\/www.youtube.com\/channel\/UC1_xNjvD0yMEW1t_VZ8aAEw"]}]}},"jetpack_sharing_enabled":true,"_links":{"self":[{"href":"https:\/\/terre-alternative.fr\/index.php\/wp-json\/wp\/v2\/pages\/69","targetHints":{"allow":["GET"]}}],"collection":[{"href":"https:\/\/terre-alternative.fr\/index.php\/wp-json\/wp\/v2\/pages"}],"about":[{"href":"https:\/\/terre-alternative.fr\/index.php\/wp-json\/wp\/v2\/types\/page"}],"author":[{"embeddable":true,"href":"https:\/\/terre-alternative.fr\/index.php\/wp-json\/wp\/v2\/users\/1"}],"replies":[{"embeddable":true,"href":"https:\/\/terre-alternative.fr\/index.php\/wp-json\/wp\/v2\/comments?post=69"}],"version-history":[{"count":12,"href":"https:\/\/terre-alternative.fr\/index.php\/wp-json\/wp\/v2\/pages\/69\/revisions"}],"predecessor-version":[{"id":2243,"href":"https:\/\/terre-alternative.fr\/index.php\/wp-json\/wp\/v2\/pages\/69\/revisions\/2243"}],"up":[{"embeddable":true,"href":"https:\/\/terre-alternative.fr\/index.php\/wp-json\/wp\/v2\/pages\/2"}],"wp:attachment":[{"href":"https:\/\/terre-alternative.fr\/index.php\/wp-json\/wp\/v2\/media?parent=69"}],"curies":[{"name":"wp","href":"https:\/\/api.w.org\/{rel}","templated":true}]}}