{"id":1365,"date":"2019-06-04T13:43:26","date_gmt":"2019-06-04T11:43:26","guid":{"rendered":"https:\/\/terre-alternative.fr\/?post_type=product&#038;p=1365"},"modified":"2024-07-09T10:42:17","modified_gmt":"2024-07-09T08:42:17","slug":"brique-de-terre-crue","status":"publish","type":"product","link":"https:\/\/terre-alternative.fr\/index.php\/produit\/brique-de-terre-crue\/","title":{"rendered":"Brique de terre crue"},"content":{"rendered":"<p>Nous mettons en vente nos briques de terre crue fabriqu\u00e9es par nos soins dans nos locaux de Pont-mouton \u00e0 Gourin (56). La terre est issue de d\u00e9blais de chantier de terrassement locaux, actuellement d&rsquo;un chantier de station d&rsquo;\u00e9puration juste \u00e0 cot\u00e9 de notre atelier, \u00e0 500m.. Difficile de faire plus local !<\/p>\n<p>Elles sont aux dimensions de 30 x 10 x 20 pour un poids d&rsquo;environ 12Kg. Gr\u00e2ce \u00e0 elle vous pourrez r\u00e9aliser des cloisons, des murs \u00e0 inertie, des caves \u00e0 vins, et bien d&rsquo;autres choses&#8230;<\/p>\n<h2><span style=\"font-weight: 400;\">Type de pose <\/span><\/h2>\n<p>&nbsp;<\/p>\n<table>\n<tbody>\n<tr>\n<td><strong>types de poses<\/strong><\/td>\n<td><b>Face <\/b><\/td>\n<td><b>Boutisse <\/b><\/td>\n<td><b>Chant<\/b><\/td>\n<\/tr>\n<tr>\n<td><span style=\"font-weight: 400;\">\u00e9paisseur <\/span><\/td>\n<td><span style=\"font-weight: 400;\">20 cm<\/span><\/td>\n<td><span style=\"font-weight: 400;\">30cm <\/span><\/td>\n<td><span style=\"font-weight: 400;\">10cm <\/span><\/td>\n<\/tr>\n<tr>\n<td><span style=\"font-weight: 400;\">Nombre de brique pour 1m\u00b2<\/span><\/td>\n<td><span style=\"font-weight: 400;\">34 briques\/m\u00b2<\/span><\/td>\n<td><span style=\"font-weight: 400;\">50 briques\/m\u00b2 <\/span><\/td>\n<td><span style=\"font-weight: 400;\">17 briques\/m\u00b2<\/span><\/td>\n<\/tr>\n<tr>\n<td><span style=\"font-weight: 400;\">Poids au m\u00b2 <\/span><\/td>\n<td><span style=\"font-weight: 400;\">408 Kg\/m\u00b2<\/span><\/td>\n<td><span style=\"font-weight: 400;\">600 Kg\/m\u00b2<\/span><\/td>\n<td><span style=\"font-weight: 400;\">204 Kg\/m\u00b2<\/span><\/td>\n<\/tr>\n<tr>\n<td><span style=\"font-weight: 400;\">Prix au m\u00b2<\/span><\/td>\n<td><span style=\"font-weight: 400;\">~123\u20ac\/m\u00b2<\/span><\/td>\n<td><span style=\"font-weight: 400;\">~180\u20ac\/m\u00b2<\/span><\/td>\n<td><span style=\"font-weight: 400;\">~65\u20ac\/m\u00b2<\/span><\/td>\n<\/tr>\n<\/tbody>\n<\/table>\n<p>Livraison non comprise ! La terre p\u00e8se lourd, pr\u00e9voyez le transporteur adapt\u00e9. Nous avons des engins de manutention sur place.<\/p>\n<p>&nbsp;<\/p>\n<p>De la livraison \u00e0 la pose, pr\u00e9voir 5% de perte, cependant ces chutes de briques peuvent vous permettre de refaire de la barbotine, la terre est recyclable \u00e0 l&rsquo;infini.<\/p>\n","protected":false},"excerpt":{"rendered":"<p>Nous mettons en vente nos briques de terre crue fabriqu\u00e9es par nos soins dans nos locaux de Gourin.<\/p>\n<p>Elles sont aux dimensions de 30 x 10 x 20 pour un poids d&rsquo;environ 13Kg. Gr\u00e2ce \u00e0 elle vous pourrez r\u00e9aliser des cloisons, des murs \u00e0 inertie, des caves \u00e0 vins, et bien d&rsquo;autres choses&#8230;<\/p>\n<p>Prix d\u00e9part atelier, livraison non comprise<\/p>\n","protected":false},"featured_media":86,"comment_status":"open","ping_status":"closed","template":"","meta":{"jetpack_publicize_message":"","jetpack_publicize_feature_enabled":true,"jetpack_social_post_already_shared":false,"jetpack_social_options":{"image_generator_settings":{"template":"highway","enabled":false},"version":2}},"product_cat":[138,156],"product_tag":[140,139],"class_list":{"0":"post-1365","1":"product","2":"type-product","3":"status-publish","4":"has-post-thumbnail","6":"product_cat-maconnerie","7":"product_cat-tous-les-produits-vendu-par-terre-alternative","8":"product_tag-btc","9":"product_tag-maconnerie","10":"product_shipping_class-grande-livraison","12":"first","13":"instock","14":"featured","15":"taxable","16":"shipping-taxable","17":"purchasable","18":"product-type-simple"},"jetpack_publicize_connections":[],"yoast_head":"<!-- This site is optimized with the Yoast SEO plugin v24.6 - https:\/\/yoast.com\/wordpress\/plugins\/seo\/ -->\n<title>Brique de terre crue - terre-alternative.fr<\/title>\n<meta name=\"description\" content=\"Nos briques de terre crue, alias BTC, sont naturelles, sans ciment ni chaux, recyclables \u00e0 l&#039;infini. Id\u00e9ales pour des murs d&#039;inertie.\" \/>\n<meta name=\"robots\" content=\"index, follow, max-snippet:-1, max-image-preview:large, max-video-preview:-1\" \/>\n<link rel=\"canonical\" href=\"https:\/\/terre-alternative.fr\/index.php\/produit\/brique-de-terre-crue\/\" \/>\n<meta property=\"og:locale\" content=\"fr_FR\" \/>\n<meta property=\"og:type\" content=\"article\" \/>\n<meta property=\"og:title\" content=\"Brique de terre crue - terre-alternative.fr\" \/>\n<meta property=\"og:description\" content=\"Nos briques de terre crue, alias BTC, sont naturelles, sans ciment ni chaux, recyclables \u00e0 l&#039;infini. Id\u00e9ales pour des murs d&#039;inertie.\" \/>\n<meta property=\"og:url\" content=\"https:\/\/terre-alternative.fr\/index.php\/produit\/brique-de-terre-crue\/\" \/>\n<meta property=\"og:site_name\" content=\"terre-alternative.fr\" \/>\n<meta property=\"article:publisher\" content=\"https:\/\/www.facebook.com\/Terre-alternative-sarl-910821875760088\/notifications\/\" \/>\n<meta property=\"article:modified_time\" content=\"2024-07-09T08:42:17+00:00\" \/>\n<meta property=\"og:image\" content=\"https:\/\/terre-alternative.fr\/wp-content\/uploads\/2017\/08\/BTC.jpg\" \/>\n\t<meta property=\"og:image:width\" content=\"3872\" \/>\n\t<meta property=\"og:image:height\" content=\"2592\" \/>\n\t<meta property=\"og:image:type\" content=\"image\/jpeg\" \/>\n<meta name=\"twitter:card\" content=\"summary_large_image\" \/>\n<meta name=\"twitter:site\" content=\"@terrealternati1\" \/>\n<meta name=\"twitter:label1\" content=\"Dur\u00e9e de lecture estim\u00e9e\" \/>\n\t<meta name=\"twitter:data1\" content=\"2 minutes\" \/>\n<script type=\"application\/ld+json\" class=\"yoast-schema-graph\">{\"@context\":\"https:\/\/schema.org\",\"@graph\":[{\"@type\":\"WebPage\",\"@id\":\"https:\/\/terre-alternative.fr\/index.php\/produit\/brique-de-terre-crue\/\",\"url\":\"https:\/\/terre-alternative.fr\/index.php\/produit\/brique-de-terre-crue\/\",\"name\":\"Brique de terre crue - terre-alternative.fr\",\"isPartOf\":{\"@id\":\"https:\/\/terre-alternative.fr\/#website\"},\"primaryImageOfPage\":{\"@id\":\"https:\/\/terre-alternative.fr\/index.php\/produit\/brique-de-terre-crue\/#primaryimage\"},\"image\":{\"@id\":\"https:\/\/terre-alternative.fr\/index.php\/produit\/brique-de-terre-crue\/#primaryimage\"},\"thumbnailUrl\":\"https:\/\/terre-alternative.fr\/wp-content\/uploads\/2017\/08\/BTC.jpg\",\"datePublished\":\"2019-06-04T11:43:26+00:00\",\"dateModified\":\"2024-07-09T08:42:17+00:00\",\"description\":\"Nos briques de terre crue, alias BTC, sont naturelles, sans ciment ni chaux, recyclables \u00e0 l'infini. Id\u00e9ales pour des murs d'inertie.\",\"breadcrumb\":{\"@id\":\"https:\/\/terre-alternative.fr\/index.php\/produit\/brique-de-terre-crue\/#breadcrumb\"},\"inLanguage\":\"fr-FR\",\"potentialAction\":[{\"@type\":\"ReadAction\",\"target\":[\"https:\/\/terre-alternative.fr\/index.php\/produit\/brique-de-terre-crue\/\"]}]},{\"@type\":\"ImageObject\",\"inLanguage\":\"fr-FR\",\"@id\":\"https:\/\/terre-alternative.fr\/index.php\/produit\/brique-de-terre-crue\/#primaryimage\",\"url\":\"https:\/\/terre-alternative.fr\/wp-content\/uploads\/2017\/08\/BTC.jpg\",\"contentUrl\":\"https:\/\/terre-alternative.fr\/wp-content\/uploads\/2017\/08\/BTC.jpg\",\"width\":3872,\"height\":2592,\"caption\":\"une brique de terre crue, c'est \u00e0 dire non cuite, mais les n\u00f4tre sont aussi sans chaux ni ciment !\"},{\"@type\":\"BreadcrumbList\",\"@id\":\"https:\/\/terre-alternative.fr\/index.php\/produit\/brique-de-terre-crue\/#breadcrumb\",\"itemListElement\":[{\"@type\":\"ListItem\",\"position\":1,\"name\":\"Accueil\",\"item\":\"https:\/\/terre-alternative.fr\/\"},{\"@type\":\"ListItem\",\"position\":2,\"name\":\"Boutique\",\"item\":\"https:\/\/terre-alternative.fr\/index.php\/boutique\/\"},{\"@type\":\"ListItem\",\"position\":3,\"name\":\"Brique de terre crue\"}]},{\"@type\":\"WebSite\",\"@id\":\"https:\/\/terre-alternative.fr\/#website\",\"url\":\"https:\/\/terre-alternative.fr\/\",\"name\":\"terre-alternative.fr\",\"description\":\"Des habitats sains et naturels\",\"publisher\":{\"@id\":\"https:\/\/terre-alternative.fr\/#organization\"},\"potentialAction\":[{\"@type\":\"SearchAction\",\"target\":{\"@type\":\"EntryPoint\",\"urlTemplate\":\"https:\/\/terre-alternative.fr\/?s={search_term_string}\"},\"query-input\":{\"@type\":\"PropertyValueSpecification\",\"valueRequired\":true,\"valueName\":\"search_term_string\"}}],\"inLanguage\":\"fr-FR\"},{\"@type\":\"Organization\",\"@id\":\"https:\/\/terre-alternative.fr\/#organization\",\"name\":\"terre alternative sarl\",\"url\":\"https:\/\/terre-alternative.fr\/\",\"logo\":{\"@type\":\"ImageObject\",\"inLanguage\":\"fr-FR\",\"@id\":\"https:\/\/terre-alternative.fr\/#\/schema\/logo\/image\/\",\"url\":\"https:\/\/terre-alternative.fr\/wp-content\/uploads\/2017\/05\/LOGO-Terre-Alternative.png\",\"contentUrl\":\"https:\/\/terre-alternative.fr\/wp-content\/uploads\/2017\/05\/LOGO-Terre-Alternative.png\",\"width\":2475,\"height\":1120,\"caption\":\"terre alternative sarl\"},\"image\":{\"@id\":\"https:\/\/terre-alternative.fr\/#\/schema\/logo\/image\/\"},\"sameAs\":[\"https:\/\/www.facebook.com\/Terre-alternative-sarl-910821875760088\/notifications\/\",\"https:\/\/x.com\/terrealternati1\",\"https:\/\/www.pinterest.fr\/terrealternativesarl\/\",\"https:\/\/www.youtube.com\/channel\/UC1_xNjvD0yMEW1t_VZ8aAEw\"]}]}<\/script>\n<!-- \/ Yoast SEO plugin. -->","yoast_head_json":{"title":"Brique de terre crue - terre-alternative.fr","description":"Nos briques de terre crue, alias BTC, sont naturelles, sans ciment ni chaux, recyclables \u00e0 l'infini. Id\u00e9ales pour des murs d'inertie.","robots":{"index":"index","follow":"follow","max-snippet":"max-snippet:-1","max-image-preview":"max-image-preview:large","max-video-preview":"max-video-preview:-1"},"canonical":"https:\/\/terre-alternative.fr\/index.php\/produit\/brique-de-terre-crue\/","og_locale":"fr_FR","og_type":"article","og_title":"Brique de terre crue - terre-alternative.fr","og_description":"Nos briques de terre crue, alias BTC, sont naturelles, sans ciment ni chaux, recyclables \u00e0 l'infini. Id\u00e9ales pour des murs d'inertie.","og_url":"https:\/\/terre-alternative.fr\/index.php\/produit\/brique-de-terre-crue\/","og_site_name":"terre-alternative.fr","article_publisher":"https:\/\/www.facebook.com\/Terre-alternative-sarl-910821875760088\/notifications\/","article_modified_time":"2024-07-09T08:42:17+00:00","og_image":[{"width":3872,"height":2592,"url":"https:\/\/terre-alternative.fr\/wp-content\/uploads\/2017\/08\/BTC.jpg","type":"image\/jpeg"}],"twitter_card":"summary_large_image","twitter_site":"@terrealternati1","twitter_misc":{"Dur\u00e9e de lecture estim\u00e9e":"2 minutes"},"schema":{"@context":"https:\/\/schema.org","@graph":[{"@type":"WebPage","@id":"https:\/\/terre-alternative.fr\/index.php\/produit\/brique-de-terre-crue\/","url":"https:\/\/terre-alternative.fr\/index.php\/produit\/brique-de-terre-crue\/","name":"Brique de terre crue - terre-alternative.fr","isPartOf":{"@id":"https:\/\/terre-alternative.fr\/#website"},"primaryImageOfPage":{"@id":"https:\/\/terre-alternative.fr\/index.php\/produit\/brique-de-terre-crue\/#primaryimage"},"image":{"@id":"https:\/\/terre-alternative.fr\/index.php\/produit\/brique-de-terre-crue\/#primaryimage"},"thumbnailUrl":"https:\/\/terre-alternative.fr\/wp-content\/uploads\/2017\/08\/BTC.jpg","datePublished":"2019-06-04T11:43:26+00:00","dateModified":"2024-07-09T08:42:17+00:00","description":"Nos briques de terre crue, alias BTC, sont naturelles, sans ciment ni chaux, recyclables \u00e0 l'infini. Id\u00e9ales pour des murs d'inertie.","breadcrumb":{"@id":"https:\/\/terre-alternative.fr\/index.php\/produit\/brique-de-terre-crue\/#breadcrumb"},"inLanguage":"fr-FR","potentialAction":[{"@type":"ReadAction","target":["https:\/\/terre-alternative.fr\/index.php\/produit\/brique-de-terre-crue\/"]}]},{"@type":"ImageObject","inLanguage":"fr-FR","@id":"https:\/\/terre-alternative.fr\/index.php\/produit\/brique-de-terre-crue\/#primaryimage","url":"https:\/\/terre-alternative.fr\/wp-content\/uploads\/2017\/08\/BTC.jpg","contentUrl":"https:\/\/terre-alternative.fr\/wp-content\/uploads\/2017\/08\/BTC.jpg","width":3872,"height":2592,"caption":"une brique de terre crue, c'est \u00e0 dire non cuite, mais les n\u00f4tre sont aussi sans chaux ni ciment !"},{"@type":"BreadcrumbList","@id":"https:\/\/terre-alternative.fr\/index.php\/produit\/brique-de-terre-crue\/#breadcrumb","itemListElement":[{"@type":"ListItem","position":1,"name":"Accueil","item":"https:\/\/terre-alternative.fr\/"},{"@type":"ListItem","position":2,"name":"Boutique","item":"https:\/\/terre-alternative.fr\/index.php\/boutique\/"},{"@type":"ListItem","position":3,"name":"Brique de terre crue"}]},{"@type":"WebSite","@id":"https:\/\/terre-alternative.fr\/#website","url":"https:\/\/terre-alternative.fr\/","name":"terre-alternative.fr","description":"Des habitats sains et naturels","publisher":{"@id":"https:\/\/terre-alternative.fr\/#organization"},"potentialAction":[{"@type":"SearchAction","target":{"@type":"EntryPoint","urlTemplate":"https:\/\/terre-alternative.fr\/?s={search_term_string}"},"query-input":{"@type":"PropertyValueSpecification","valueRequired":true,"valueName":"search_term_string"}}],"inLanguage":"fr-FR"},{"@type":"Organization","@id":"https:\/\/terre-alternative.fr\/#organization","name":"terre alternative sarl","url":"https:\/\/terre-alternative.fr\/","logo":{"@type":"ImageObject","inLanguage":"fr-FR","@id":"https:\/\/terre-alternative.fr\/#\/schema\/logo\/image\/","url":"https:\/\/terre-alternative.fr\/wp-content\/uploads\/2017\/05\/LOGO-Terre-Alternative.png","contentUrl":"https:\/\/terre-alternative.fr\/wp-content\/uploads\/2017\/05\/LOGO-Terre-Alternative.png","width":2475,"height":1120,"caption":"terre alternative sarl"},"image":{"@id":"https:\/\/terre-alternative.fr\/#\/schema\/logo\/image\/"},"sameAs":["https:\/\/www.facebook.com\/Terre-alternative-sarl-910821875760088\/notifications\/","https:\/\/x.com\/terrealternati1","https:\/\/www.pinterest.fr\/terrealternativesarl\/","https:\/\/www.youtube.com\/channel\/UC1_xNjvD0yMEW1t_VZ8aAEw"]}]}},"jetpack_sharing_enabled":true,"_links":{"self":[{"href":"https:\/\/terre-alternative.fr\/index.php\/wp-json\/wp\/v2\/product\/1365","targetHints":{"allow":["GET"]}}],"collection":[{"href":"https:\/\/terre-alternative.fr\/index.php\/wp-json\/wp\/v2\/product"}],"about":[{"href":"https:\/\/terre-alternative.fr\/index.php\/wp-json\/wp\/v2\/types\/product"}],"replies":[{"embeddable":true,"href":"https:\/\/terre-alternative.fr\/index.php\/wp-json\/wp\/v2\/comments?post=1365"}],"wp:featuredmedia":[{"embeddable":true,"href":"https:\/\/terre-alternative.fr\/index.php\/wp-json\/wp\/v2\/media\/86"}],"wp:attachment":[{"href":"https:\/\/terre-alternative.fr\/index.php\/wp-json\/wp\/v2\/media?parent=1365"}],"wp:term":[{"taxonomy":"product_cat","embeddable":true,"href":"https:\/\/terre-alternative.fr\/index.php\/wp-json\/wp\/v2\/product_cat?post=1365"},{"taxonomy":"product_tag","embeddable":true,"href":"https:\/\/terre-alternative.fr\/index.php\/wp-json\/wp\/v2\/product_tag?post=1365"}],"curies":[{"name":"wp","href":"https:\/\/api.w.org\/{rel}","templated":true}]}}