{"id":1371,"date":"2019-06-04T14:38:08","date_gmt":"2019-06-04T12:38:08","guid":{"rendered":"https:\/\/terre-alternative.fr\/?post_type=product&#038;p=1371"},"modified":"2020-09-30T17:55:48","modified_gmt":"2020-09-30T15:55:48","slug":"sac-de-terre","status":"publish","type":"product","link":"https:\/\/terre-alternative.fr\/index.php\/produit\/sac-de-terre\/","title":{"rendered":"Sac de terre"},"content":{"rendered":"<p>Sac de terre de\u00a0 25 Kg pr\u00e9vu pour la r\u00e9alisation de la barbotine (joints) servant \u00e0 stabiliser les BTC.<\/p>\n<p>La Barbotine sera employ\u00e9e dans les cas de pose \u00e0 plat et de pose en boutisse des briques, lorsqu&rsquo;elles seront pos\u00e9es sur le chant il faudra remplacer la barbotine par du mortier.<\/p>\n<p>Il faut environ 6.25 Kg de barbotine par m\u00b2.<\/p>\n","protected":false},"excerpt":{"rendered":"<p>Sac de terre de\u00a0 25 Kg pr\u00e9vu pour la r\u00e9alisation de la barbotine (joints) servant \u00e0 stabiliser les BTC. La Barbotine sera employ\u00e9e dans les cas de pose \u00e0 plat et de pose en boutisse des briques, lorsqu&rsquo;elles seront pos\u00e9es sur le chant il faudra remplacer la barbotine par du mortier. Il faut environ 6.25 [&hellip;]<\/p>\n","protected":false},"featured_media":1135,"comment_status":"open","ping_status":"closed","template":"","meta":{"jetpack_publicize_message":"","jetpack_publicize_feature_enabled":true,"jetpack_social_post_already_shared":false,"jetpack_social_options":{"image_generator_settings":{"template":"highway","enabled":false},"version":2}},"product_cat":[138,156],"product_tag":[],"class_list":{"0":"post-1371","1":"product","2":"type-product","3":"status-publish","4":"has-post-thumbnail","6":"product_cat-maconnerie","7":"product_cat-tous-les-produits-vendu-par-terre-alternative","9":"first","10":"instock","11":"taxable","12":"shipping-taxable","13":"purchasable","14":"product-type-simple"},"jetpack_publicize_connections":[],"yoast_head":"<!-- This site is optimized with the Yoast SEO plugin v24.6 - https:\/\/yoast.com\/wordpress\/plugins\/seo\/ -->\n<title>Sac de terre - terre-alternative.fr<\/title>\n<meta name=\"robots\" content=\"index, follow, max-snippet:-1, max-image-preview:large, max-video-preview:-1\" \/>\n<link rel=\"canonical\" href=\"https:\/\/terre-alternative.fr\/index.php\/produit\/sac-de-terre\/\" \/>\n<meta property=\"og:locale\" content=\"fr_FR\" \/>\n<meta property=\"og:type\" content=\"article\" \/>\n<meta property=\"og:title\" content=\"Sac de terre - terre-alternative.fr\" \/>\n<meta property=\"og:description\" content=\"Sac de terre de\u00a0 25 Kg pr\u00e9vu pour la r\u00e9alisation de la barbotine (joints) servant \u00e0 stabiliser les BTC. La Barbotine sera employ\u00e9e dans les cas de pose \u00e0 plat et de pose en boutisse des briques, lorsqu&rsquo;elles seront pos\u00e9es sur le chant il faudra remplacer la barbotine par du mortier. Il faut environ 6.25 [&hellip;]\" \/>\n<meta property=\"og:url\" content=\"https:\/\/terre-alternative.fr\/index.php\/produit\/sac-de-terre\/\" \/>\n<meta property=\"og:site_name\" content=\"terre-alternative.fr\" \/>\n<meta property=\"article:publisher\" content=\"https:\/\/www.facebook.com\/Terre-alternative-sarl-910821875760088\/notifications\/\" \/>\n<meta property=\"article:modified_time\" content=\"2020-09-30T15:55:48+00:00\" \/>\n<meta property=\"og:image\" content=\"https:\/\/terre-alternative.fr\/wp-content\/uploads\/2019\/04\/DSC_2338-1-1024x685.jpg\" \/>\n\t<meta property=\"og:image:width\" content=\"1024\" \/>\n\t<meta property=\"og:image:height\" content=\"685\" \/>\n\t<meta property=\"og:image:type\" content=\"image\/jpeg\" \/>\n<meta name=\"twitter:card\" content=\"summary_large_image\" \/>\n<meta name=\"twitter:site\" content=\"@terrealternati1\" \/>\n<script type=\"application\/ld+json\" class=\"yoast-schema-graph\">{\"@context\":\"https:\/\/schema.org\",\"@graph\":[{\"@type\":\"WebPage\",\"@id\":\"https:\/\/terre-alternative.fr\/index.php\/produit\/sac-de-terre\/\",\"url\":\"https:\/\/terre-alternative.fr\/index.php\/produit\/sac-de-terre\/\",\"name\":\"Sac de terre - terre-alternative.fr\",\"isPartOf\":{\"@id\":\"https:\/\/terre-alternative.fr\/#website\"},\"primaryImageOfPage\":{\"@id\":\"https:\/\/terre-alternative.fr\/index.php\/produit\/sac-de-terre\/#primaryimage\"},\"image\":{\"@id\":\"https:\/\/terre-alternative.fr\/index.php\/produit\/sac-de-terre\/#primaryimage\"},\"thumbnailUrl\":\"https:\/\/terre-alternative.fr\/wp-content\/uploads\/2019\/04\/DSC_2338-1.jpg\",\"datePublished\":\"2019-06-04T12:38:08+00:00\",\"dateModified\":\"2020-09-30T15:55:48+00:00\",\"breadcrumb\":{\"@id\":\"https:\/\/terre-alternative.fr\/index.php\/produit\/sac-de-terre\/#breadcrumb\"},\"inLanguage\":\"fr-FR\",\"potentialAction\":[{\"@type\":\"ReadAction\",\"target\":[\"https:\/\/terre-alternative.fr\/index.php\/produit\/sac-de-terre\/\"]}]},{\"@type\":\"ImageObject\",\"inLanguage\":\"fr-FR\",\"@id\":\"https:\/\/terre-alternative.fr\/index.php\/produit\/sac-de-terre\/#primaryimage\",\"url\":\"https:\/\/terre-alternative.fr\/wp-content\/uploads\/2019\/04\/DSC_2338-1.jpg\",\"contentUrl\":\"https:\/\/terre-alternative.fr\/wp-content\/uploads\/2019\/04\/DSC_2338-1.jpg\",\"width\":3872,\"height\":2592},{\"@type\":\"BreadcrumbList\",\"@id\":\"https:\/\/terre-alternative.fr\/index.php\/produit\/sac-de-terre\/#breadcrumb\",\"itemListElement\":[{\"@type\":\"ListItem\",\"position\":1,\"name\":\"Accueil\",\"item\":\"https:\/\/terre-alternative.fr\/\"},{\"@type\":\"ListItem\",\"position\":2,\"name\":\"Boutique\",\"item\":\"https:\/\/terre-alternative.fr\/index.php\/boutique\/\"},{\"@type\":\"ListItem\",\"position\":3,\"name\":\"Sac de terre\"}]},{\"@type\":\"WebSite\",\"@id\":\"https:\/\/terre-alternative.fr\/#website\",\"url\":\"https:\/\/terre-alternative.fr\/\",\"name\":\"terre-alternative.fr\",\"description\":\"Des habitats sains et naturels\",\"publisher\":{\"@id\":\"https:\/\/terre-alternative.fr\/#organization\"},\"potentialAction\":[{\"@type\":\"SearchAction\",\"target\":{\"@type\":\"EntryPoint\",\"urlTemplate\":\"https:\/\/terre-alternative.fr\/?s={search_term_string}\"},\"query-input\":{\"@type\":\"PropertyValueSpecification\",\"valueRequired\":true,\"valueName\":\"search_term_string\"}}],\"inLanguage\":\"fr-FR\"},{\"@type\":\"Organization\",\"@id\":\"https:\/\/terre-alternative.fr\/#organization\",\"name\":\"terre alternative sarl\",\"url\":\"https:\/\/terre-alternative.fr\/\",\"logo\":{\"@type\":\"ImageObject\",\"inLanguage\":\"fr-FR\",\"@id\":\"https:\/\/terre-alternative.fr\/#\/schema\/logo\/image\/\",\"url\":\"https:\/\/terre-alternative.fr\/wp-content\/uploads\/2017\/05\/LOGO-Terre-Alternative.png\",\"contentUrl\":\"https:\/\/terre-alternative.fr\/wp-content\/uploads\/2017\/05\/LOGO-Terre-Alternative.png\",\"width\":2475,\"height\":1120,\"caption\":\"terre alternative sarl\"},\"image\":{\"@id\":\"https:\/\/terre-alternative.fr\/#\/schema\/logo\/image\/\"},\"sameAs\":[\"https:\/\/www.facebook.com\/Terre-alternative-sarl-910821875760088\/notifications\/\",\"https:\/\/x.com\/terrealternati1\",\"https:\/\/www.pinterest.fr\/terrealternativesarl\/\",\"https:\/\/www.youtube.com\/channel\/UC1_xNjvD0yMEW1t_VZ8aAEw\"]}]}<\/script>\n<!-- \/ Yoast SEO plugin. -->","yoast_head_json":{"title":"Sac de terre - terre-alternative.fr","robots":{"index":"index","follow":"follow","max-snippet":"max-snippet:-1","max-image-preview":"max-image-preview:large","max-video-preview":"max-video-preview:-1"},"canonical":"https:\/\/terre-alternative.fr\/index.php\/produit\/sac-de-terre\/","og_locale":"fr_FR","og_type":"article","og_title":"Sac de terre - terre-alternative.fr","og_description":"Sac de terre de\u00a0 25 Kg pr\u00e9vu pour la r\u00e9alisation de la barbotine (joints) servant \u00e0 stabiliser les BTC. La Barbotine sera employ\u00e9e dans les cas de pose \u00e0 plat et de pose en boutisse des briques, lorsqu&rsquo;elles seront pos\u00e9es sur le chant il faudra remplacer la barbotine par du mortier. Il faut environ 6.25 [&hellip;]","og_url":"https:\/\/terre-alternative.fr\/index.php\/produit\/sac-de-terre\/","og_site_name":"terre-alternative.fr","article_publisher":"https:\/\/www.facebook.com\/Terre-alternative-sarl-910821875760088\/notifications\/","article_modified_time":"2020-09-30T15:55:48+00:00","og_image":[{"width":1024,"height":685,"url":"https:\/\/terre-alternative.fr\/wp-content\/uploads\/2019\/04\/DSC_2338-1-1024x685.jpg","type":"image\/jpeg"}],"twitter_card":"summary_large_image","twitter_site":"@terrealternati1","schema":{"@context":"https:\/\/schema.org","@graph":[{"@type":"WebPage","@id":"https:\/\/terre-alternative.fr\/index.php\/produit\/sac-de-terre\/","url":"https:\/\/terre-alternative.fr\/index.php\/produit\/sac-de-terre\/","name":"Sac de terre - terre-alternative.fr","isPartOf":{"@id":"https:\/\/terre-alternative.fr\/#website"},"primaryImageOfPage":{"@id":"https:\/\/terre-alternative.fr\/index.php\/produit\/sac-de-terre\/#primaryimage"},"image":{"@id":"https:\/\/terre-alternative.fr\/index.php\/produit\/sac-de-terre\/#primaryimage"},"thumbnailUrl":"https:\/\/terre-alternative.fr\/wp-content\/uploads\/2019\/04\/DSC_2338-1.jpg","datePublished":"2019-06-04T12:38:08+00:00","dateModified":"2020-09-30T15:55:48+00:00","breadcrumb":{"@id":"https:\/\/terre-alternative.fr\/index.php\/produit\/sac-de-terre\/#breadcrumb"},"inLanguage":"fr-FR","potentialAction":[{"@type":"ReadAction","target":["https:\/\/terre-alternative.fr\/index.php\/produit\/sac-de-terre\/"]}]},{"@type":"ImageObject","inLanguage":"fr-FR","@id":"https:\/\/terre-alternative.fr\/index.php\/produit\/sac-de-terre\/#primaryimage","url":"https:\/\/terre-alternative.fr\/wp-content\/uploads\/2019\/04\/DSC_2338-1.jpg","contentUrl":"https:\/\/terre-alternative.fr\/wp-content\/uploads\/2019\/04\/DSC_2338-1.jpg","width":3872,"height":2592},{"@type":"BreadcrumbList","@id":"https:\/\/terre-alternative.fr\/index.php\/produit\/sac-de-terre\/#breadcrumb","itemListElement":[{"@type":"ListItem","position":1,"name":"Accueil","item":"https:\/\/terre-alternative.fr\/"},{"@type":"ListItem","position":2,"name":"Boutique","item":"https:\/\/terre-alternative.fr\/index.php\/boutique\/"},{"@type":"ListItem","position":3,"name":"Sac de terre"}]},{"@type":"WebSite","@id":"https:\/\/terre-alternative.fr\/#website","url":"https:\/\/terre-alternative.fr\/","name":"terre-alternative.fr","description":"Des habitats sains et naturels","publisher":{"@id":"https:\/\/terre-alternative.fr\/#organization"},"potentialAction":[{"@type":"SearchAction","target":{"@type":"EntryPoint","urlTemplate":"https:\/\/terre-alternative.fr\/?s={search_term_string}"},"query-input":{"@type":"PropertyValueSpecification","valueRequired":true,"valueName":"search_term_string"}}],"inLanguage":"fr-FR"},{"@type":"Organization","@id":"https:\/\/terre-alternative.fr\/#organization","name":"terre alternative sarl","url":"https:\/\/terre-alternative.fr\/","logo":{"@type":"ImageObject","inLanguage":"fr-FR","@id":"https:\/\/terre-alternative.fr\/#\/schema\/logo\/image\/","url":"https:\/\/terre-alternative.fr\/wp-content\/uploads\/2017\/05\/LOGO-Terre-Alternative.png","contentUrl":"https:\/\/terre-alternative.fr\/wp-content\/uploads\/2017\/05\/LOGO-Terre-Alternative.png","width":2475,"height":1120,"caption":"terre alternative sarl"},"image":{"@id":"https:\/\/terre-alternative.fr\/#\/schema\/logo\/image\/"},"sameAs":["https:\/\/www.facebook.com\/Terre-alternative-sarl-910821875760088\/notifications\/","https:\/\/x.com\/terrealternati1","https:\/\/www.pinterest.fr\/terrealternativesarl\/","https:\/\/www.youtube.com\/channel\/UC1_xNjvD0yMEW1t_VZ8aAEw"]}]}},"jetpack_sharing_enabled":true,"_links":{"self":[{"href":"https:\/\/terre-alternative.fr\/index.php\/wp-json\/wp\/v2\/product\/1371","targetHints":{"allow":["GET"]}}],"collection":[{"href":"https:\/\/terre-alternative.fr\/index.php\/wp-json\/wp\/v2\/product"}],"about":[{"href":"https:\/\/terre-alternative.fr\/index.php\/wp-json\/wp\/v2\/types\/product"}],"replies":[{"embeddable":true,"href":"https:\/\/terre-alternative.fr\/index.php\/wp-json\/wp\/v2\/comments?post=1371"}],"wp:featuredmedia":[{"embeddable":true,"href":"https:\/\/terre-alternative.fr\/index.php\/wp-json\/wp\/v2\/media\/1135"}],"wp:attachment":[{"href":"https:\/\/terre-alternative.fr\/index.php\/wp-json\/wp\/v2\/media?parent=1371"}],"wp:term":[{"taxonomy":"product_cat","embeddable":true,"href":"https:\/\/terre-alternative.fr\/index.php\/wp-json\/wp\/v2\/product_cat?post=1371"},{"taxonomy":"product_tag","embeddable":true,"href":"https:\/\/terre-alternative.fr\/index.php\/wp-json\/wp\/v2\/product_tag?post=1371"}],"curies":[{"name":"wp","href":"https:\/\/api.w.org\/{rel}","templated":true}]}}