{"id":1463,"date":"2019-12-09T08:58:41","date_gmt":"2019-12-09T07:58:41","guid":{"rendered":"https:\/\/terre-alternative.fr\/?post_type=product&#038;p=1463"},"modified":"2019-12-18T10:27:24","modified_gmt":"2019-12-18T09:27:24","slug":"presse-hydraulique-a-btc-avec-operateur","status":"publish","type":"product","link":"https:\/\/terre-alternative.fr\/index.php\/produit\/presse-hydraulique-a-btc-avec-operateur\/","title":{"rendered":"Presse hydraulique \u00e0 BTC avec op\u00e9rateur"},"content":{"rendered":"<p><strong>Prix : 960 \u20ac\/jour<\/strong><\/p>\n<p><strong>Utilisation :\u00a0<\/strong><\/p>\n<p>Presse hydraulique \u00e0 brique de terre crue pr\u00e9vue avec un op\u00e9rateur. C&rsquo;est \u00e0 dire qu&rsquo;un (ou plusieurs) membre de notre \u00e9quipe sera pr\u00e9sent du d\u00e9but \u00e0 la fin chantier afin de vous conseillez et de vous apprendre les diff\u00e9rentes techniques.<\/p>\n<p>Capacit\u00e9 : 500-800 briques\/jours<\/p>\n<p>Pr\u00e9voir le transport, l&rsquo;installation, la location et le d\u00e9montage du tamis.<\/p>\n<p>Une demi-journ\u00e9e de montage et de d\u00e9montage sont \u00e0 pr\u00e9voir \u00e0 chaque mis en place de la presse.<\/p>\n<p>Frais de d\u00e9placement non-compris.<\/p>\n<p><strong>Notre formule :\u00a0<\/strong><\/p>\n<ul>\n<li>Location livraison et installation de la presse hydraulique<\/li>\n<li>Mat\u00e9riel compl\u00e9mentaire ( truelles, brouettes, taloches, &#8230;)<\/li>\n<\/ul>\n<p>&nbsp;<\/p>\n<p><strong>A fournir :<\/strong><\/p>\n<ul>\n<li>Point d&rsquo;acc\u00e8s eau<\/li>\n<li>Vos \u00e9quipement de protection<\/li>\n<\/ul>\n<p>&nbsp;<\/p>\n","protected":false},"excerpt":{"rendered":"<p>Prix : 960 \u20ac\/jour Utilisation :\u00a0 Presse hydraulique \u00e0 brique de terre crue pr\u00e9vue avec un op\u00e9rateur. C&rsquo;est \u00e0 dire qu&rsquo;un (ou plusieurs) membre de notre \u00e9quipe sera pr\u00e9sent du d\u00e9but \u00e0 la fin chantier afin de vous conseillez et de vous apprendre les diff\u00e9rentes techniques. Capacit\u00e9 : 500-800 briques\/jours Pr\u00e9voir le transport, l&rsquo;installation, la [&hellip;]<\/p>\n","protected":false},"featured_media":1414,"comment_status":"open","ping_status":"closed","template":"","meta":{"jetpack_publicize_message":"","jetpack_publicize_feature_enabled":true,"jetpack_social_post_already_shared":false,"jetpack_social_options":{"image_generator_settings":{"template":"highway","enabled":false},"version":2}},"product_cat":[152,156],"product_tag":[153],"class_list":{"0":"post-1463","1":"product","2":"type-product","3":"status-publish","4":"has-post-thumbnail","6":"product_cat-chantiers-participatifs","7":"product_cat-tous-les-produits-vendu-par-terre-alternative","8":"product_tag-chantier-participatif","9":"product_shipping_class-grande-livraison","11":"first","12":"instock","13":"taxable","14":"shipping-taxable","15":"purchasable","16":"product-type-simple"},"jetpack_publicize_connections":[],"yoast_head":"<!-- This site is optimized with the Yoast SEO plugin v24.6 - https:\/\/yoast.com\/wordpress\/plugins\/seo\/ -->\n<title>Presse hydraulique \u00e0 BTC avec op\u00e9rateur - terre-alternative.fr<\/title>\n<meta name=\"description\" content=\"Presse hydraulique maintenant en location en location pour tout vos travaux de brique de terre crue. Elle est disponible chez terre alternative \u00e0 Spezet\" \/>\n<meta name=\"robots\" content=\"index, follow, max-snippet:-1, max-image-preview:large, max-video-preview:-1\" \/>\n<link rel=\"canonical\" href=\"https:\/\/terre-alternative.fr\/index.php\/produit\/presse-hydraulique-a-btc-avec-operateur\/\" \/>\n<meta property=\"og:locale\" content=\"fr_FR\" \/>\n<meta property=\"og:type\" content=\"article\" \/>\n<meta property=\"og:title\" content=\"Presse hydraulique \u00e0 BTC avec op\u00e9rateur - terre-alternative.fr\" \/>\n<meta property=\"og:description\" content=\"Presse hydraulique maintenant en location en location pour tout vos travaux de brique de terre crue. Elle est disponible chez terre alternative \u00e0 Spezet\" \/>\n<meta property=\"og:url\" content=\"https:\/\/terre-alternative.fr\/index.php\/produit\/presse-hydraulique-a-btc-avec-operateur\/\" \/>\n<meta property=\"og:site_name\" content=\"terre-alternative.fr\" \/>\n<meta property=\"article:publisher\" content=\"https:\/\/www.facebook.com\/Terre-alternative-sarl-910821875760088\/notifications\/\" \/>\n<meta property=\"article:modified_time\" content=\"2019-12-18T09:27:24+00:00\" \/>\n<meta property=\"og:image\" content=\"https:\/\/terre-alternative.fr\/wp-content\/uploads\/2019\/12\/d\u00e9mostration-presse-btc.jpg\" \/>\n\t<meta property=\"og:image:width\" content=\"1200\" \/>\n\t<meta property=\"og:image:height\" content=\"800\" \/>\n\t<meta property=\"og:image:type\" content=\"image\/jpeg\" \/>\n<meta name=\"twitter:card\" content=\"summary_large_image\" \/>\n<meta name=\"twitter:site\" content=\"@terrealternati1\" \/>\n<meta name=\"twitter:label1\" content=\"Dur\u00e9e de lecture estim\u00e9e\" \/>\n\t<meta name=\"twitter:data1\" content=\"1 minute\" \/>\n<script type=\"application\/ld+json\" class=\"yoast-schema-graph\">{\"@context\":\"https:\/\/schema.org\",\"@graph\":[{\"@type\":\"WebPage\",\"@id\":\"https:\/\/terre-alternative.fr\/index.php\/produit\/presse-hydraulique-a-btc-avec-operateur\/\",\"url\":\"https:\/\/terre-alternative.fr\/index.php\/produit\/presse-hydraulique-a-btc-avec-operateur\/\",\"name\":\"Presse hydraulique \u00e0 BTC avec op\u00e9rateur - terre-alternative.fr\",\"isPartOf\":{\"@id\":\"https:\/\/terre-alternative.fr\/#website\"},\"primaryImageOfPage\":{\"@id\":\"https:\/\/terre-alternative.fr\/index.php\/produit\/presse-hydraulique-a-btc-avec-operateur\/#primaryimage\"},\"image\":{\"@id\":\"https:\/\/terre-alternative.fr\/index.php\/produit\/presse-hydraulique-a-btc-avec-operateur\/#primaryimage\"},\"thumbnailUrl\":\"https:\/\/terre-alternative.fr\/wp-content\/uploads\/2019\/12\/d\u00e9mostration-presse-btc.jpg\",\"datePublished\":\"2019-12-09T07:58:41+00:00\",\"dateModified\":\"2019-12-18T09:27:24+00:00\",\"description\":\"Presse hydraulique maintenant en location en location pour tout vos travaux de brique de terre crue. Elle est disponible chez terre alternative \u00e0 Spezet\",\"breadcrumb\":{\"@id\":\"https:\/\/terre-alternative.fr\/index.php\/produit\/presse-hydraulique-a-btc-avec-operateur\/#breadcrumb\"},\"inLanguage\":\"fr-FR\",\"potentialAction\":[{\"@type\":\"ReadAction\",\"target\":[\"https:\/\/terre-alternative.fr\/index.php\/produit\/presse-hydraulique-a-btc-avec-operateur\/\"]}]},{\"@type\":\"ImageObject\",\"inLanguage\":\"fr-FR\",\"@id\":\"https:\/\/terre-alternative.fr\/index.php\/produit\/presse-hydraulique-a-btc-avec-operateur\/#primaryimage\",\"url\":\"https:\/\/terre-alternative.fr\/wp-content\/uploads\/2019\/12\/d\u00e9mostration-presse-btc.jpg\",\"contentUrl\":\"https:\/\/terre-alternative.fr\/wp-content\/uploads\/2019\/12\/d\u00e9mostration-presse-btc.jpg\",\"width\":1200,\"height\":800},{\"@type\":\"BreadcrumbList\",\"@id\":\"https:\/\/terre-alternative.fr\/index.php\/produit\/presse-hydraulique-a-btc-avec-operateur\/#breadcrumb\",\"itemListElement\":[{\"@type\":\"ListItem\",\"position\":1,\"name\":\"Accueil\",\"item\":\"https:\/\/terre-alternative.fr\/\"},{\"@type\":\"ListItem\",\"position\":2,\"name\":\"Boutique\",\"item\":\"https:\/\/terre-alternative.fr\/index.php\/boutique\/\"},{\"@type\":\"ListItem\",\"position\":3,\"name\":\"Presse hydraulique \u00e0 BTC avec op\u00e9rateur\"}]},{\"@type\":\"WebSite\",\"@id\":\"https:\/\/terre-alternative.fr\/#website\",\"url\":\"https:\/\/terre-alternative.fr\/\",\"name\":\"terre-alternative.fr\",\"description\":\"Des habitats sains et naturels\",\"publisher\":{\"@id\":\"https:\/\/terre-alternative.fr\/#organization\"},\"potentialAction\":[{\"@type\":\"SearchAction\",\"target\":{\"@type\":\"EntryPoint\",\"urlTemplate\":\"https:\/\/terre-alternative.fr\/?s={search_term_string}\"},\"query-input\":{\"@type\":\"PropertyValueSpecification\",\"valueRequired\":true,\"valueName\":\"search_term_string\"}}],\"inLanguage\":\"fr-FR\"},{\"@type\":\"Organization\",\"@id\":\"https:\/\/terre-alternative.fr\/#organization\",\"name\":\"terre alternative sarl\",\"url\":\"https:\/\/terre-alternative.fr\/\",\"logo\":{\"@type\":\"ImageObject\",\"inLanguage\":\"fr-FR\",\"@id\":\"https:\/\/terre-alternative.fr\/#\/schema\/logo\/image\/\",\"url\":\"https:\/\/terre-alternative.fr\/wp-content\/uploads\/2017\/05\/LOGO-Terre-Alternative.png\",\"contentUrl\":\"https:\/\/terre-alternative.fr\/wp-content\/uploads\/2017\/05\/LOGO-Terre-Alternative.png\",\"width\":2475,\"height\":1120,\"caption\":\"terre alternative sarl\"},\"image\":{\"@id\":\"https:\/\/terre-alternative.fr\/#\/schema\/logo\/image\/\"},\"sameAs\":[\"https:\/\/www.facebook.com\/Terre-alternative-sarl-910821875760088\/notifications\/\",\"https:\/\/x.com\/terrealternati1\",\"https:\/\/www.pinterest.fr\/terrealternativesarl\/\",\"https:\/\/www.youtube.com\/channel\/UC1_xNjvD0yMEW1t_VZ8aAEw\"]}]}<\/script>\n<!-- \/ Yoast SEO plugin. -->","yoast_head_json":{"title":"Presse hydraulique \u00e0 BTC avec op\u00e9rateur - terre-alternative.fr","description":"Presse hydraulique maintenant en location en location pour tout vos travaux de brique de terre crue. Elle est disponible chez terre alternative \u00e0 Spezet","robots":{"index":"index","follow":"follow","max-snippet":"max-snippet:-1","max-image-preview":"max-image-preview:large","max-video-preview":"max-video-preview:-1"},"canonical":"https:\/\/terre-alternative.fr\/index.php\/produit\/presse-hydraulique-a-btc-avec-operateur\/","og_locale":"fr_FR","og_type":"article","og_title":"Presse hydraulique \u00e0 BTC avec op\u00e9rateur - terre-alternative.fr","og_description":"Presse hydraulique maintenant en location en location pour tout vos travaux de brique de terre crue. Elle est disponible chez terre alternative \u00e0 Spezet","og_url":"https:\/\/terre-alternative.fr\/index.php\/produit\/presse-hydraulique-a-btc-avec-operateur\/","og_site_name":"terre-alternative.fr","article_publisher":"https:\/\/www.facebook.com\/Terre-alternative-sarl-910821875760088\/notifications\/","article_modified_time":"2019-12-18T09:27:24+00:00","og_image":[{"width":1200,"height":800,"url":"https:\/\/terre-alternative.fr\/wp-content\/uploads\/2019\/12\/d\u00e9mostration-presse-btc.jpg","type":"image\/jpeg"}],"twitter_card":"summary_large_image","twitter_site":"@terrealternati1","twitter_misc":{"Dur\u00e9e de lecture estim\u00e9e":"1 minute"},"schema":{"@context":"https:\/\/schema.org","@graph":[{"@type":"WebPage","@id":"https:\/\/terre-alternative.fr\/index.php\/produit\/presse-hydraulique-a-btc-avec-operateur\/","url":"https:\/\/terre-alternative.fr\/index.php\/produit\/presse-hydraulique-a-btc-avec-operateur\/","name":"Presse hydraulique \u00e0 BTC avec op\u00e9rateur - terre-alternative.fr","isPartOf":{"@id":"https:\/\/terre-alternative.fr\/#website"},"primaryImageOfPage":{"@id":"https:\/\/terre-alternative.fr\/index.php\/produit\/presse-hydraulique-a-btc-avec-operateur\/#primaryimage"},"image":{"@id":"https:\/\/terre-alternative.fr\/index.php\/produit\/presse-hydraulique-a-btc-avec-operateur\/#primaryimage"},"thumbnailUrl":"https:\/\/terre-alternative.fr\/wp-content\/uploads\/2019\/12\/d\u00e9mostration-presse-btc.jpg","datePublished":"2019-12-09T07:58:41+00:00","dateModified":"2019-12-18T09:27:24+00:00","description":"Presse hydraulique maintenant en location en location pour tout vos travaux de brique de terre crue. Elle est disponible chez terre alternative \u00e0 Spezet","breadcrumb":{"@id":"https:\/\/terre-alternative.fr\/index.php\/produit\/presse-hydraulique-a-btc-avec-operateur\/#breadcrumb"},"inLanguage":"fr-FR","potentialAction":[{"@type":"ReadAction","target":["https:\/\/terre-alternative.fr\/index.php\/produit\/presse-hydraulique-a-btc-avec-operateur\/"]}]},{"@type":"ImageObject","inLanguage":"fr-FR","@id":"https:\/\/terre-alternative.fr\/index.php\/produit\/presse-hydraulique-a-btc-avec-operateur\/#primaryimage","url":"https:\/\/terre-alternative.fr\/wp-content\/uploads\/2019\/12\/d\u00e9mostration-presse-btc.jpg","contentUrl":"https:\/\/terre-alternative.fr\/wp-content\/uploads\/2019\/12\/d\u00e9mostration-presse-btc.jpg","width":1200,"height":800},{"@type":"BreadcrumbList","@id":"https:\/\/terre-alternative.fr\/index.php\/produit\/presse-hydraulique-a-btc-avec-operateur\/#breadcrumb","itemListElement":[{"@type":"ListItem","position":1,"name":"Accueil","item":"https:\/\/terre-alternative.fr\/"},{"@type":"ListItem","position":2,"name":"Boutique","item":"https:\/\/terre-alternative.fr\/index.php\/boutique\/"},{"@type":"ListItem","position":3,"name":"Presse hydraulique \u00e0 BTC avec op\u00e9rateur"}]},{"@type":"WebSite","@id":"https:\/\/terre-alternative.fr\/#website","url":"https:\/\/terre-alternative.fr\/","name":"terre-alternative.fr","description":"Des habitats sains et naturels","publisher":{"@id":"https:\/\/terre-alternative.fr\/#organization"},"potentialAction":[{"@type":"SearchAction","target":{"@type":"EntryPoint","urlTemplate":"https:\/\/terre-alternative.fr\/?s={search_term_string}"},"query-input":{"@type":"PropertyValueSpecification","valueRequired":true,"valueName":"search_term_string"}}],"inLanguage":"fr-FR"},{"@type":"Organization","@id":"https:\/\/terre-alternative.fr\/#organization","name":"terre alternative sarl","url":"https:\/\/terre-alternative.fr\/","logo":{"@type":"ImageObject","inLanguage":"fr-FR","@id":"https:\/\/terre-alternative.fr\/#\/schema\/logo\/image\/","url":"https:\/\/terre-alternative.fr\/wp-content\/uploads\/2017\/05\/LOGO-Terre-Alternative.png","contentUrl":"https:\/\/terre-alternative.fr\/wp-content\/uploads\/2017\/05\/LOGO-Terre-Alternative.png","width":2475,"height":1120,"caption":"terre alternative sarl"},"image":{"@id":"https:\/\/terre-alternative.fr\/#\/schema\/logo\/image\/"},"sameAs":["https:\/\/www.facebook.com\/Terre-alternative-sarl-910821875760088\/notifications\/","https:\/\/x.com\/terrealternati1","https:\/\/www.pinterest.fr\/terrealternativesarl\/","https:\/\/www.youtube.com\/channel\/UC1_xNjvD0yMEW1t_VZ8aAEw"]}]}},"jetpack_sharing_enabled":true,"_links":{"self":[{"href":"https:\/\/terre-alternative.fr\/index.php\/wp-json\/wp\/v2\/product\/1463","targetHints":{"allow":["GET"]}}],"collection":[{"href":"https:\/\/terre-alternative.fr\/index.php\/wp-json\/wp\/v2\/product"}],"about":[{"href":"https:\/\/terre-alternative.fr\/index.php\/wp-json\/wp\/v2\/types\/product"}],"replies":[{"embeddable":true,"href":"https:\/\/terre-alternative.fr\/index.php\/wp-json\/wp\/v2\/comments?post=1463"}],"wp:featuredmedia":[{"embeddable":true,"href":"https:\/\/terre-alternative.fr\/index.php\/wp-json\/wp\/v2\/media\/1414"}],"wp:attachment":[{"href":"https:\/\/terre-alternative.fr\/index.php\/wp-json\/wp\/v2\/media?parent=1463"}],"wp:term":[{"taxonomy":"product_cat","embeddable":true,"href":"https:\/\/terre-alternative.fr\/index.php\/wp-json\/wp\/v2\/product_cat?post=1463"},{"taxonomy":"product_tag","embeddable":true,"href":"https:\/\/terre-alternative.fr\/index.php\/wp-json\/wp\/v2\/product_tag?post=1463"}],"curies":[{"name":"wp","href":"https:\/\/api.w.org\/{rel}","templated":true}]}}