{"id":1636,"date":"2019-12-20T13:56:27","date_gmt":"2019-12-20T12:56:27","guid":{"rendered":"https:\/\/terre-alternative.fr\/?post_type=product&#038;p=1636"},"modified":"2019-12-20T17:09:19","modified_gmt":"2019-12-20T16:09:19","slug":"cire-dabeille","status":"publish","type":"product","link":"https:\/\/terre-alternative.fr\/index.php\/produit\/cire-dabeille\/","title":{"rendered":"Cire d&rsquo;abeille"},"content":{"rendered":"<p>Cire d&rsquo;abeille<\/p>\n<p><strong>Prix : 36,00 \u20ac\/L\u00a0 \u00a0TTC<\/strong><\/p>\n<p><strong>Utilit\u00e9 :\u00a0<\/strong><\/p>\n<p>Cette cire vous permet de rendre plus lisse et donc moins friable vos Briques de terre crue afin de les prot\u00e9ger au maximum.<\/p>\n<p>&nbsp;<\/p>\n<p><strong>Fabrication :\u00a0<\/strong><\/p>\n<p>Fabriqu\u00e9 dans nos locaux, cette cire est compos\u00e9 de cire d&rsquo;abeille et de t\u00e9r\u00e9benthine.<\/p>\n<p>&nbsp;<\/p>\n<p><strong>Application :\u00a0<\/strong><\/p>\n<ul>\n<li>faire fondre la cire au bain-marie<\/li>\n<li>appliquer \u00e0 la brosse<\/li>\n<\/ul>\n<p>&nbsp;<\/p>\n<p><strong>Pr\u00e9cautions d&rsquo;utilisations :\u00a0<\/strong><\/p>\n<ul>\n<li>EPI (\u00e9quipements de protections individuel)<\/li>\n<\/ul>\n","protected":false},"excerpt":{"rendered":"<p>Cire d&rsquo;abeille Prix : 36,00 \u20ac\/L\u00a0 \u00a0TTC Utilit\u00e9 :\u00a0 Cette cire vous permet de rendre plus lisse et donc moins friable vos Briques de terre crue afin de les prot\u00e9ger au maximum. &nbsp; Fabrication :\u00a0 Fabriqu\u00e9 dans nos locaux, cette cire est compos\u00e9 de cire d&rsquo;abeille et de t\u00e9r\u00e9benthine. &nbsp; Application :\u00a0 faire fondre la [&hellip;]<\/p>\n","protected":false},"featured_media":1643,"comment_status":"open","ping_status":"closed","template":"","meta":{"jetpack_publicize_message":"","jetpack_publicize_feature_enabled":true,"jetpack_social_post_already_shared":false,"jetpack_social_options":{"image_generator_settings":{"template":"highway","enabled":false},"version":2}},"product_cat":[138,156],"product_tag":[162,139],"class_list":{"0":"post-1636","1":"product","2":"type-product","3":"status-publish","4":"has-post-thumbnail","6":"product_cat-maconnerie","7":"product_cat-tous-les-produits-vendu-par-terre-alternative","8":"product_tag-entretien","9":"product_tag-maconnerie","11":"first","12":"instock","13":"taxable","14":"shipping-taxable","15":"purchasable","16":"product-type-simple"},"jetpack_publicize_connections":[],"yoast_head":"<!-- This site is optimized with the Yoast SEO plugin v24.6 - https:\/\/yoast.com\/wordpress\/plugins\/seo\/ -->\n<title>Cire d&#039;abeille - terre-alternative.fr<\/title>\n<meta name=\"description\" content=\"Cire d&#039;abeille permettant de rendre plus lisse vos briques de terre crue compress\u00e9e. Si vous voulez vous en procurer c&#039;est en vente chez terre alternative.\" \/>\n<meta name=\"robots\" content=\"index, follow, max-snippet:-1, max-image-preview:large, max-video-preview:-1\" \/>\n<link rel=\"canonical\" href=\"https:\/\/terre-alternative.fr\/index.php\/produit\/cire-dabeille\/\" \/>\n<meta property=\"og:locale\" content=\"fr_FR\" \/>\n<meta property=\"og:type\" content=\"article\" \/>\n<meta property=\"og:title\" content=\"Cire d&#039;abeille - terre-alternative.fr\" \/>\n<meta property=\"og:description\" content=\"Cire d&#039;abeille permettant de rendre plus lisse vos briques de terre crue compress\u00e9e. Si vous voulez vous en procurer c&#039;est en vente chez terre alternative.\" \/>\n<meta property=\"og:url\" content=\"https:\/\/terre-alternative.fr\/index.php\/produit\/cire-dabeille\/\" \/>\n<meta property=\"og:site_name\" content=\"terre-alternative.fr\" \/>\n<meta property=\"article:publisher\" content=\"https:\/\/www.facebook.com\/Terre-alternative-sarl-910821875760088\/notifications\/\" \/>\n<meta property=\"article:modified_time\" content=\"2019-12-20T16:09:19+00:00\" \/>\n<meta property=\"og:image\" content=\"https:\/\/terre-alternative.fr\/wp-content\/uploads\/2019\/12\/DSC_3411-scaled.jpg\" \/>\n\t<meta property=\"og:image:width\" content=\"2560\" \/>\n\t<meta property=\"og:image:height\" content=\"1714\" \/>\n\t<meta property=\"og:image:type\" content=\"image\/jpeg\" \/>\n<meta name=\"twitter:card\" content=\"summary_large_image\" \/>\n<meta name=\"twitter:site\" content=\"@terrealternati1\" \/>\n<script type=\"application\/ld+json\" class=\"yoast-schema-graph\">{\"@context\":\"https:\/\/schema.org\",\"@graph\":[{\"@type\":\"WebPage\",\"@id\":\"https:\/\/terre-alternative.fr\/index.php\/produit\/cire-dabeille\/\",\"url\":\"https:\/\/terre-alternative.fr\/index.php\/produit\/cire-dabeille\/\",\"name\":\"Cire d'abeille - terre-alternative.fr\",\"isPartOf\":{\"@id\":\"https:\/\/terre-alternative.fr\/#website\"},\"primaryImageOfPage\":{\"@id\":\"https:\/\/terre-alternative.fr\/index.php\/produit\/cire-dabeille\/#primaryimage\"},\"image\":{\"@id\":\"https:\/\/terre-alternative.fr\/index.php\/produit\/cire-dabeille\/#primaryimage\"},\"thumbnailUrl\":\"https:\/\/terre-alternative.fr\/wp-content\/uploads\/2019\/12\/DSC_3411-scaled.jpg\",\"datePublished\":\"2019-12-20T12:56:27+00:00\",\"dateModified\":\"2019-12-20T16:09:19+00:00\",\"description\":\"Cire d'abeille permettant de rendre plus lisse vos briques de terre crue compress\u00e9e. Si vous voulez vous en procurer c'est en vente chez terre alternative.\",\"breadcrumb\":{\"@id\":\"https:\/\/terre-alternative.fr\/index.php\/produit\/cire-dabeille\/#breadcrumb\"},\"inLanguage\":\"fr-FR\",\"potentialAction\":[{\"@type\":\"ReadAction\",\"target\":[\"https:\/\/terre-alternative.fr\/index.php\/produit\/cire-dabeille\/\"]}]},{\"@type\":\"ImageObject\",\"inLanguage\":\"fr-FR\",\"@id\":\"https:\/\/terre-alternative.fr\/index.php\/produit\/cire-dabeille\/#primaryimage\",\"url\":\"https:\/\/terre-alternative.fr\/wp-content\/uploads\/2019\/12\/DSC_3411-scaled.jpg\",\"contentUrl\":\"https:\/\/terre-alternative.fr\/wp-content\/uploads\/2019\/12\/DSC_3411-scaled.jpg\",\"width\":2560,\"height\":1714,\"caption\":\"cire d'abeille\"},{\"@type\":\"BreadcrumbList\",\"@id\":\"https:\/\/terre-alternative.fr\/index.php\/produit\/cire-dabeille\/#breadcrumb\",\"itemListElement\":[{\"@type\":\"ListItem\",\"position\":1,\"name\":\"Accueil\",\"item\":\"https:\/\/terre-alternative.fr\/\"},{\"@type\":\"ListItem\",\"position\":2,\"name\":\"Boutique\",\"item\":\"https:\/\/terre-alternative.fr\/index.php\/boutique\/\"},{\"@type\":\"ListItem\",\"position\":3,\"name\":\"Cire d&rsquo;abeille\"}]},{\"@type\":\"WebSite\",\"@id\":\"https:\/\/terre-alternative.fr\/#website\",\"url\":\"https:\/\/terre-alternative.fr\/\",\"name\":\"terre-alternative.fr\",\"description\":\"Des habitats sains et naturels\",\"publisher\":{\"@id\":\"https:\/\/terre-alternative.fr\/#organization\"},\"potentialAction\":[{\"@type\":\"SearchAction\",\"target\":{\"@type\":\"EntryPoint\",\"urlTemplate\":\"https:\/\/terre-alternative.fr\/?s={search_term_string}\"},\"query-input\":{\"@type\":\"PropertyValueSpecification\",\"valueRequired\":true,\"valueName\":\"search_term_string\"}}],\"inLanguage\":\"fr-FR\"},{\"@type\":\"Organization\",\"@id\":\"https:\/\/terre-alternative.fr\/#organization\",\"name\":\"terre alternative sarl\",\"url\":\"https:\/\/terre-alternative.fr\/\",\"logo\":{\"@type\":\"ImageObject\",\"inLanguage\":\"fr-FR\",\"@id\":\"https:\/\/terre-alternative.fr\/#\/schema\/logo\/image\/\",\"url\":\"https:\/\/terre-alternative.fr\/wp-content\/uploads\/2017\/05\/LOGO-Terre-Alternative.png\",\"contentUrl\":\"https:\/\/terre-alternative.fr\/wp-content\/uploads\/2017\/05\/LOGO-Terre-Alternative.png\",\"width\":2475,\"height\":1120,\"caption\":\"terre alternative sarl\"},\"image\":{\"@id\":\"https:\/\/terre-alternative.fr\/#\/schema\/logo\/image\/\"},\"sameAs\":[\"https:\/\/www.facebook.com\/Terre-alternative-sarl-910821875760088\/notifications\/\",\"https:\/\/x.com\/terrealternati1\",\"https:\/\/www.pinterest.fr\/terrealternativesarl\/\",\"https:\/\/www.youtube.com\/channel\/UC1_xNjvD0yMEW1t_VZ8aAEw\"]}]}<\/script>\n<!-- \/ Yoast SEO plugin. -->","yoast_head_json":{"title":"Cire d'abeille - terre-alternative.fr","description":"Cire d'abeille permettant de rendre plus lisse vos briques de terre crue compress\u00e9e. Si vous voulez vous en procurer c'est en vente chez terre alternative.","robots":{"index":"index","follow":"follow","max-snippet":"max-snippet:-1","max-image-preview":"max-image-preview:large","max-video-preview":"max-video-preview:-1"},"canonical":"https:\/\/terre-alternative.fr\/index.php\/produit\/cire-dabeille\/","og_locale":"fr_FR","og_type":"article","og_title":"Cire d'abeille - terre-alternative.fr","og_description":"Cire d'abeille permettant de rendre plus lisse vos briques de terre crue compress\u00e9e. Si vous voulez vous en procurer c'est en vente chez terre alternative.","og_url":"https:\/\/terre-alternative.fr\/index.php\/produit\/cire-dabeille\/","og_site_name":"terre-alternative.fr","article_publisher":"https:\/\/www.facebook.com\/Terre-alternative-sarl-910821875760088\/notifications\/","article_modified_time":"2019-12-20T16:09:19+00:00","og_image":[{"width":2560,"height":1714,"url":"https:\/\/terre-alternative.fr\/wp-content\/uploads\/2019\/12\/DSC_3411-scaled.jpg","type":"image\/jpeg"}],"twitter_card":"summary_large_image","twitter_site":"@terrealternati1","schema":{"@context":"https:\/\/schema.org","@graph":[{"@type":"WebPage","@id":"https:\/\/terre-alternative.fr\/index.php\/produit\/cire-dabeille\/","url":"https:\/\/terre-alternative.fr\/index.php\/produit\/cire-dabeille\/","name":"Cire d'abeille - terre-alternative.fr","isPartOf":{"@id":"https:\/\/terre-alternative.fr\/#website"},"primaryImageOfPage":{"@id":"https:\/\/terre-alternative.fr\/index.php\/produit\/cire-dabeille\/#primaryimage"},"image":{"@id":"https:\/\/terre-alternative.fr\/index.php\/produit\/cire-dabeille\/#primaryimage"},"thumbnailUrl":"https:\/\/terre-alternative.fr\/wp-content\/uploads\/2019\/12\/DSC_3411-scaled.jpg","datePublished":"2019-12-20T12:56:27+00:00","dateModified":"2019-12-20T16:09:19+00:00","description":"Cire d'abeille permettant de rendre plus lisse vos briques de terre crue compress\u00e9e. Si vous voulez vous en procurer c'est en vente chez terre alternative.","breadcrumb":{"@id":"https:\/\/terre-alternative.fr\/index.php\/produit\/cire-dabeille\/#breadcrumb"},"inLanguage":"fr-FR","potentialAction":[{"@type":"ReadAction","target":["https:\/\/terre-alternative.fr\/index.php\/produit\/cire-dabeille\/"]}]},{"@type":"ImageObject","inLanguage":"fr-FR","@id":"https:\/\/terre-alternative.fr\/index.php\/produit\/cire-dabeille\/#primaryimage","url":"https:\/\/terre-alternative.fr\/wp-content\/uploads\/2019\/12\/DSC_3411-scaled.jpg","contentUrl":"https:\/\/terre-alternative.fr\/wp-content\/uploads\/2019\/12\/DSC_3411-scaled.jpg","width":2560,"height":1714,"caption":"cire d'abeille"},{"@type":"BreadcrumbList","@id":"https:\/\/terre-alternative.fr\/index.php\/produit\/cire-dabeille\/#breadcrumb","itemListElement":[{"@type":"ListItem","position":1,"name":"Accueil","item":"https:\/\/terre-alternative.fr\/"},{"@type":"ListItem","position":2,"name":"Boutique","item":"https:\/\/terre-alternative.fr\/index.php\/boutique\/"},{"@type":"ListItem","position":3,"name":"Cire d&rsquo;abeille"}]},{"@type":"WebSite","@id":"https:\/\/terre-alternative.fr\/#website","url":"https:\/\/terre-alternative.fr\/","name":"terre-alternative.fr","description":"Des habitats sains et naturels","publisher":{"@id":"https:\/\/terre-alternative.fr\/#organization"},"potentialAction":[{"@type":"SearchAction","target":{"@type":"EntryPoint","urlTemplate":"https:\/\/terre-alternative.fr\/?s={search_term_string}"},"query-input":{"@type":"PropertyValueSpecification","valueRequired":true,"valueName":"search_term_string"}}],"inLanguage":"fr-FR"},{"@type":"Organization","@id":"https:\/\/terre-alternative.fr\/#organization","name":"terre alternative sarl","url":"https:\/\/terre-alternative.fr\/","logo":{"@type":"ImageObject","inLanguage":"fr-FR","@id":"https:\/\/terre-alternative.fr\/#\/schema\/logo\/image\/","url":"https:\/\/terre-alternative.fr\/wp-content\/uploads\/2017\/05\/LOGO-Terre-Alternative.png","contentUrl":"https:\/\/terre-alternative.fr\/wp-content\/uploads\/2017\/05\/LOGO-Terre-Alternative.png","width":2475,"height":1120,"caption":"terre alternative sarl"},"image":{"@id":"https:\/\/terre-alternative.fr\/#\/schema\/logo\/image\/"},"sameAs":["https:\/\/www.facebook.com\/Terre-alternative-sarl-910821875760088\/notifications\/","https:\/\/x.com\/terrealternati1","https:\/\/www.pinterest.fr\/terrealternativesarl\/","https:\/\/www.youtube.com\/channel\/UC1_xNjvD0yMEW1t_VZ8aAEw"]}]}},"jetpack_sharing_enabled":true,"_links":{"self":[{"href":"https:\/\/terre-alternative.fr\/index.php\/wp-json\/wp\/v2\/product\/1636","targetHints":{"allow":["GET"]}}],"collection":[{"href":"https:\/\/terre-alternative.fr\/index.php\/wp-json\/wp\/v2\/product"}],"about":[{"href":"https:\/\/terre-alternative.fr\/index.php\/wp-json\/wp\/v2\/types\/product"}],"replies":[{"embeddable":true,"href":"https:\/\/terre-alternative.fr\/index.php\/wp-json\/wp\/v2\/comments?post=1636"}],"wp:featuredmedia":[{"embeddable":true,"href":"https:\/\/terre-alternative.fr\/index.php\/wp-json\/wp\/v2\/media\/1643"}],"wp:attachment":[{"href":"https:\/\/terre-alternative.fr\/index.php\/wp-json\/wp\/v2\/media?parent=1636"}],"wp:term":[{"taxonomy":"product_cat","embeddable":true,"href":"https:\/\/terre-alternative.fr\/index.php\/wp-json\/wp\/v2\/product_cat?post=1636"},{"taxonomy":"product_tag","embeddable":true,"href":"https:\/\/terre-alternative.fr\/index.php\/wp-json\/wp\/v2\/product_tag?post=1636"}],"curies":[{"name":"wp","href":"https:\/\/api.w.org\/{rel}","templated":true}]}}